{"id":11105,"date":"2023-03-08T11:03:35","date_gmt":"2023-03-08T10:03:35","guid":{"rendered":"https:\/\/linoexpress.com\/ro\/?post_type=product&#038;p=11105"},"modified":"2023-05-29T18:37:11","modified_gmt":"2023-05-29T16:37:11","slug":"dispozitiv-profesional-pentru-antrenarea-antebratului","status":"publish","type":"product","link":"https:\/\/linoexpress.com\/ro\/produs\/dispozitiv-profesional-pentru-antrenarea-antebratului\/","title":{"rendered":"Dispozitiv profesional pentru antrenarea antebra\u021bului"},"content":{"rendered":"","protected":false},"excerpt":{"rendered":"<p>Ob\u021bine\u021bi rezultate superioare \u00een \u00eembun\u0103t\u0103\u021birea for\u021bei, vasculariza\u021biei \u0219i vitezei \u00een articula\u021bii \u0219i degete.<\/p>\n","protected":false},"featured_media":11110,"comment_status":"closed","ping_status":"closed","template":"","meta":{"inline_featured_image":false},"product_brand":[],"product_cat":[28,15,26],"product_tag":[],"class_list":{"0":"post-11105","1":"product","2":"type-product","3":"status-publish","4":"has-post-thumbnail","6":"product_cat-beauty","7":"product_cat-uncategorized","8":"product_cat-health","10":"first","11":"instock","12":"sale","13":"taxable","14":"shipping-taxable","15":"purchasable","16":"product-type-simple"},"acf":[],"_links":{"self":[{"href":"https:\/\/linoexpress.com\/ro\/wp-json\/wp\/v2\/product\/11105","targetHints":{"allow":["GET"]}}],"collection":[{"href":"https:\/\/linoexpress.com\/ro\/wp-json\/wp\/v2\/product"}],"about":[{"href":"https:\/\/linoexpress.com\/ro\/wp-json\/wp\/v2\/types\/product"}],"replies":[{"embeddable":true,"href":"https:\/\/linoexpress.com\/ro\/wp-json\/wp\/v2\/comments?post=11105"}],"wp:featuredmedia":[{"embeddable":true,"href":"https:\/\/linoexpress.com\/ro\/wp-json\/wp\/v2\/media\/11110"}],"wp:attachment":[{"href":"https:\/\/linoexpress.com\/ro\/wp-json\/wp\/v2\/media?parent=11105"}],"wp:term":[{"taxonomy":"product_brand","embeddable":true,"href":"https:\/\/linoexpress.com\/ro\/wp-json\/wp\/v2\/product_brand?post=11105"},{"taxonomy":"product_cat","embeddable":true,"href":"https:\/\/linoexpress.com\/ro\/wp-json\/wp\/v2\/product_cat?post=11105"},{"taxonomy":"product_tag","embeddable":true,"href":"https:\/\/linoexpress.com\/ro\/wp-json\/wp\/v2\/product_tag?post=11105"}],"curies":[{"name":"wp","href":"https:\/\/api.w.org\/{rel}","templated":true}]}}