{"id":12598,"date":"2023-06-09T08:26:34","date_gmt":"2023-06-09T06:26:34","guid":{"rendered":"https:\/\/linoexpress.com\/ro\/?post_type=product&#038;p=12598"},"modified":"2024-06-19T12:36:30","modified_gmt":"2024-06-19T10:36:30","slug":"hartie-multifunctionala-de-trasfer-termic-2","status":"publish","type":"product","link":"https:\/\/linoexpress.com\/ro\/produs\/hartie-multifunctionala-de-trasfer-termic-2\/","title":{"rendered":"H\u00e2rtie multifunc\u021bional\u0103 de trasfer termic"},"content":{"rendered":"","protected":false},"excerpt":{"rendered":"<p>Face\u021bi-v\u0103 o garderob\u0103 sau un tricou de marc\u0103, pute\u021bi pune fotografiile dumneavoastr\u0103 preferate pe haine \u00een doar c\u00e2teva secunde, sunt multe combina\u021bii, totul depinde de imagina\u021bia dumneavoastr\u0103, realiza\u021bi tricouri absolut unice!<\/p>\n","protected":false},"featured_media":7061,"comment_status":"closed","ping_status":"closed","template":"","meta":{"inline_featured_image":false},"product_brand":[],"product_cat":[15,35],"product_tag":[],"class_list":{"0":"post-12598","1":"product","2":"type-product","3":"status-publish","4":"has-post-thumbnail","6":"product_cat-uncategorized","7":"product_cat-fun","9":"first","10":"instock","11":"sale","12":"taxable","13":"shipping-taxable","14":"purchasable","15":"product-type-simple"},"acf":[],"_links":{"self":[{"href":"https:\/\/linoexpress.com\/ro\/wp-json\/wp\/v2\/product\/12598","targetHints":{"allow":["GET"]}}],"collection":[{"href":"https:\/\/linoexpress.com\/ro\/wp-json\/wp\/v2\/product"}],"about":[{"href":"https:\/\/linoexpress.com\/ro\/wp-json\/wp\/v2\/types\/product"}],"replies":[{"embeddable":true,"href":"https:\/\/linoexpress.com\/ro\/wp-json\/wp\/v2\/comments?post=12598"}],"wp:featuredmedia":[{"embeddable":true,"href":"https:\/\/linoexpress.com\/ro\/wp-json\/wp\/v2\/media\/7061"}],"wp:attachment":[{"href":"https:\/\/linoexpress.com\/ro\/wp-json\/wp\/v2\/media?parent=12598"}],"wp:term":[{"taxonomy":"product_brand","embeddable":true,"href":"https:\/\/linoexpress.com\/ro\/wp-json\/wp\/v2\/product_brand?post=12598"},{"taxonomy":"product_cat","embeddable":true,"href":"https:\/\/linoexpress.com\/ro\/wp-json\/wp\/v2\/product_cat?post=12598"},{"taxonomy":"product_tag","embeddable":true,"href":"https:\/\/linoexpress.com\/ro\/wp-json\/wp\/v2\/product_tag?post=12598"}],"curies":[{"name":"wp","href":"https:\/\/api.w.org\/{rel}","templated":true}]}}