{"id":13166,"date":"2023-07-03T13:07:27","date_gmt":"2023-07-03T11:07:27","guid":{"rendered":"https:\/\/linoexpress.com\/ro\/?post_type=product&#038;p=13166"},"modified":"2024-09-09T12:03:42","modified_gmt":"2024-09-09T10:03:42","slug":"set-creativ-montessori-pentru-pictura-cu-buton-mozaic","status":"publish","type":"product","link":"https:\/\/linoexpress.com\/ro\/produs\/set-creativ-montessori-pentru-pictura-cu-buton-mozaic\/","title":{"rendered":"Set creativ Montessori pentru pictur\u0103 cu buton mozaic"},"content":{"rendered":"","protected":false},"excerpt":{"rendered":"<p>L\u0103sa\u021bi copiii s\u0103-\u0219i exprime creativitatea cu acest set fantastic de picturi neobi\u0219nuite. Tehnica special\u0103 de pictur\u0103 cu butoane mozaic va \u00eenc\u00e2nta fiecare copil!<\/p>\n","protected":false},"featured_media":13023,"comment_status":"closed","ping_status":"closed","template":"","meta":{"inline_featured_image":false},"product_brand":[],"product_cat":[15,35],"product_tag":[],"class_list":{"0":"post-13166","1":"product","2":"type-product","3":"status-publish","4":"has-post-thumbnail","6":"product_cat-uncategorized","7":"product_cat-fun","9":"first","10":"instock","11":"sale","12":"taxable","13":"shipping-taxable","14":"purchasable","15":"product-type-simple"},"acf":[],"_links":{"self":[{"href":"https:\/\/linoexpress.com\/ro\/wp-json\/wp\/v2\/product\/13166","targetHints":{"allow":["GET"]}}],"collection":[{"href":"https:\/\/linoexpress.com\/ro\/wp-json\/wp\/v2\/product"}],"about":[{"href":"https:\/\/linoexpress.com\/ro\/wp-json\/wp\/v2\/types\/product"}],"replies":[{"embeddable":true,"href":"https:\/\/linoexpress.com\/ro\/wp-json\/wp\/v2\/comments?post=13166"}],"wp:featuredmedia":[{"embeddable":true,"href":"https:\/\/linoexpress.com\/ro\/wp-json\/wp\/v2\/media\/13023"}],"wp:attachment":[{"href":"https:\/\/linoexpress.com\/ro\/wp-json\/wp\/v2\/media?parent=13166"}],"wp:term":[{"taxonomy":"product_brand","embeddable":true,"href":"https:\/\/linoexpress.com\/ro\/wp-json\/wp\/v2\/product_brand?post=13166"},{"taxonomy":"product_cat","embeddable":true,"href":"https:\/\/linoexpress.com\/ro\/wp-json\/wp\/v2\/product_cat?post=13166"},{"taxonomy":"product_tag","embeddable":true,"href":"https:\/\/linoexpress.com\/ro\/wp-json\/wp\/v2\/product_tag?post=13166"}],"curies":[{"name":"wp","href":"https:\/\/api.w.org\/{rel}","templated":true}]}}