{"id":13454,"date":"2023-07-11T14:43:38","date_gmt":"2023-07-11T12:43:38","guid":{"rendered":"https:\/\/linoexpress.com\/ro\/?post_type=product&#038;p=13454"},"modified":"2024-07-07T13:27:56","modified_gmt":"2024-07-07T11:27:56","slug":"sapun-pentru-vopsirea-firelor-carunte","status":"publish","type":"product","link":"https:\/\/linoexpress.com\/ro\/produs\/sapun-pentru-vopsirea-firelor-carunte\/","title":{"rendered":"S\u0103pun pentru vopsirea firelor c\u0103runte"},"content":{"rendered":"","protected":false},"excerpt":{"rendered":"<p>Scap\u0103 treptat de p\u0103rul gri cu acest s\u0103pun eficient. Simplu \u0219i u\u0219or &#8211; ca \u0219i cu \u0219amponul!<\/p>\n","protected":false},"featured_media":13467,"comment_status":"closed","ping_status":"closed","template":"","meta":{"inline_featured_image":false},"product_brand":[],"product_cat":[28,15,26],"product_tag":[],"class_list":{"0":"post-13454","1":"product","2":"type-product","3":"status-publish","4":"has-post-thumbnail","6":"product_cat-beauty","7":"product_cat-uncategorized","8":"product_cat-health","10":"first","11":"instock","12":"sale","13":"taxable","14":"shipping-taxable","15":"purchasable","16":"product-type-simple"},"acf":[],"_links":{"self":[{"href":"https:\/\/linoexpress.com\/ro\/wp-json\/wp\/v2\/product\/13454","targetHints":{"allow":["GET"]}}],"collection":[{"href":"https:\/\/linoexpress.com\/ro\/wp-json\/wp\/v2\/product"}],"about":[{"href":"https:\/\/linoexpress.com\/ro\/wp-json\/wp\/v2\/types\/product"}],"replies":[{"embeddable":true,"href":"https:\/\/linoexpress.com\/ro\/wp-json\/wp\/v2\/comments?post=13454"}],"wp:featuredmedia":[{"embeddable":true,"href":"https:\/\/linoexpress.com\/ro\/wp-json\/wp\/v2\/media\/13467"}],"wp:attachment":[{"href":"https:\/\/linoexpress.com\/ro\/wp-json\/wp\/v2\/media?parent=13454"}],"wp:term":[{"taxonomy":"product_brand","embeddable":true,"href":"https:\/\/linoexpress.com\/ro\/wp-json\/wp\/v2\/product_brand?post=13454"},{"taxonomy":"product_cat","embeddable":true,"href":"https:\/\/linoexpress.com\/ro\/wp-json\/wp\/v2\/product_cat?post=13454"},{"taxonomy":"product_tag","embeddable":true,"href":"https:\/\/linoexpress.com\/ro\/wp-json\/wp\/v2\/product_tag?post=13454"}],"curies":[{"name":"wp","href":"https:\/\/api.w.org\/{rel}","templated":true}]}}