{"id":1347,"date":"2021-02-12T09:31:14","date_gmt":"2021-02-12T08:31:14","guid":{"rendered":"https:\/\/shopium.eu\/ro\/?post_type=product&#038;p=1347"},"modified":"2024-06-19T12:30:33","modified_gmt":"2024-06-19T10:30:33","slug":"lichid-pentru-indepartarea-vopselei-colorends-2","status":"publish","type":"product","link":"https:\/\/linoexpress.com\/ro\/produs\/lichid-pentru-indepartarea-vopselei-colorends-2\/","title":{"rendered":"Lichid pentru \u00eendep\u0103rtarea vopselei  &#8211; ColorEnds"},"content":{"rendered":"","protected":false},"excerpt":{"rendered":"<p>\u00cendep\u0103rtarea ultra-eficient\u0103 a vopselei care func\u021bioneaz\u0103 pe o varietate de suprafe\u021be v\u0103 va \u00eenc\u00e2nta cu rata de dizolvare a vopselei \u00een doar 10 minute \u0219i o gam\u0103 larg\u0103 de aplica\u021bii. Cantitatea din flacon este suficient\u0103 pentru o suprafa\u021b\u0103 de 3 m2.<\/p>\n","protected":false},"featured_media":1419,"comment_status":"closed","ping_status":"closed","template":"","meta":{"inline_featured_image":false},"product_brand":[],"product_cat":[27,24,15],"product_tag":[],"class_list":{"0":"post-1347","1":"product","2":"type-product","3":"status-publish","4":"has-post-thumbnail","6":"product_cat-home","7":"product_cat-sale","8":"product_cat-uncategorized","10":"first","11":"instock","12":"sale","13":"taxable","14":"shipping-taxable","15":"purchasable","16":"product-type-simple"},"acf":[],"_links":{"self":[{"href":"https:\/\/linoexpress.com\/ro\/wp-json\/wp\/v2\/product\/1347","targetHints":{"allow":["GET"]}}],"collection":[{"href":"https:\/\/linoexpress.com\/ro\/wp-json\/wp\/v2\/product"}],"about":[{"href":"https:\/\/linoexpress.com\/ro\/wp-json\/wp\/v2\/types\/product"}],"replies":[{"embeddable":true,"href":"https:\/\/linoexpress.com\/ro\/wp-json\/wp\/v2\/comments?post=1347"}],"wp:featuredmedia":[{"embeddable":true,"href":"https:\/\/linoexpress.com\/ro\/wp-json\/wp\/v2\/media\/1419"}],"wp:attachment":[{"href":"https:\/\/linoexpress.com\/ro\/wp-json\/wp\/v2\/media?parent=1347"}],"wp:term":[{"taxonomy":"product_brand","embeddable":true,"href":"https:\/\/linoexpress.com\/ro\/wp-json\/wp\/v2\/product_brand?post=1347"},{"taxonomy":"product_cat","embeddable":true,"href":"https:\/\/linoexpress.com\/ro\/wp-json\/wp\/v2\/product_cat?post=1347"},{"taxonomy":"product_tag","embeddable":true,"href":"https:\/\/linoexpress.com\/ro\/wp-json\/wp\/v2\/product_tag?post=1347"}],"curies":[{"name":"wp","href":"https:\/\/api.w.org\/{rel}","templated":true}]}}