{"id":14755,"date":"2023-08-11T16:15:30","date_gmt":"2023-08-11T14:15:30","guid":{"rendered":"https:\/\/linoexpress.com\/ro\/?post_type=product&#038;p=14755"},"modified":"2024-03-11T08:26:25","modified_gmt":"2024-03-11T07:26:25","slug":"aparat-multifunctional-fitness","status":"publish","type":"product","link":"https:\/\/linoexpress.com\/ro\/produs\/aparat-multifunctional-fitness\/","title":{"rendered":"Aparat multifunc\u021bional fitness"},"content":{"rendered":"","protected":false},"excerpt":{"rendered":"<p>Aparatul ideal pentru \u00eent\u0103rirea mu\u0219chilor! \u00cent\u0103ri\u021bi spatele, umerii, bra\u021bele, pieptul, tricepsul \u0219i abdomenul, inclusiv flexorii \u0219oldului. Fii \u00een form\u0103 maxim\u0103 cu un singur dispozitiv!<\/p>\n","protected":false},"featured_media":14767,"comment_status":"closed","ping_status":"closed","template":"","meta":{"inline_featured_image":false},"product_brand":[],"product_cat":[28,15,26],"product_tag":[],"class_list":{"0":"post-14755","1":"product","2":"type-product","3":"status-publish","4":"has-post-thumbnail","6":"product_cat-beauty","7":"product_cat-uncategorized","8":"product_cat-health","10":"first","11":"instock","12":"sale","13":"taxable","14":"shipping-taxable","15":"purchasable","16":"product-type-simple"},"acf":[],"_links":{"self":[{"href":"https:\/\/linoexpress.com\/ro\/wp-json\/wp\/v2\/product\/14755","targetHints":{"allow":["GET"]}}],"collection":[{"href":"https:\/\/linoexpress.com\/ro\/wp-json\/wp\/v2\/product"}],"about":[{"href":"https:\/\/linoexpress.com\/ro\/wp-json\/wp\/v2\/types\/product"}],"replies":[{"embeddable":true,"href":"https:\/\/linoexpress.com\/ro\/wp-json\/wp\/v2\/comments?post=14755"}],"wp:featuredmedia":[{"embeddable":true,"href":"https:\/\/linoexpress.com\/ro\/wp-json\/wp\/v2\/media\/14767"}],"wp:attachment":[{"href":"https:\/\/linoexpress.com\/ro\/wp-json\/wp\/v2\/media?parent=14755"}],"wp:term":[{"taxonomy":"product_brand","embeddable":true,"href":"https:\/\/linoexpress.com\/ro\/wp-json\/wp\/v2\/product_brand?post=14755"},{"taxonomy":"product_cat","embeddable":true,"href":"https:\/\/linoexpress.com\/ro\/wp-json\/wp\/v2\/product_cat?post=14755"},{"taxonomy":"product_tag","embeddable":true,"href":"https:\/\/linoexpress.com\/ro\/wp-json\/wp\/v2\/product_tag?post=14755"}],"curies":[{"name":"wp","href":"https:\/\/api.w.org\/{rel}","templated":true}]}}