{"id":16314,"date":"2023-09-20T08:43:45","date_gmt":"2023-09-20T06:43:45","guid":{"rendered":"https:\/\/linoexpress.com\/ro\/?post_type=product&#038;p=16314"},"modified":"2023-10-15T17:51:57","modified_gmt":"2023-10-15T15:51:57","slug":"o-recuzita-interesanta-pentru-curte","status":"publish","type":"product","link":"https:\/\/linoexpress.com\/ro\/produs\/o-recuzita-interesanta-pentru-curte\/","title":{"rendered":"O recuzit\u0103 interesant\u0103 pentru curte"},"content":{"rendered":"","protected":false},"excerpt":{"rendered":"<p>Face\u021bi-v\u0103 curtea sau casa s\u0103 aib\u0103 cel mai \u00eenfrico\u0219\u0103tor decor de Halloween. Un mod unic de a decora curtea!<\/p>\n","protected":false},"featured_media":16322,"comment_status":"closed","ping_status":"closed","template":"","meta":{"inline_featured_image":false},"product_brand":[],"product_cat":[15,35],"product_tag":[],"class_list":{"0":"post-16314","1":"product","2":"type-product","3":"status-publish","4":"has-post-thumbnail","6":"product_cat-uncategorized","7":"product_cat-fun","9":"first","10":"instock","11":"sale","12":"taxable","13":"shipping-taxable","14":"purchasable","15":"product-type-simple"},"acf":[],"_links":{"self":[{"href":"https:\/\/linoexpress.com\/ro\/wp-json\/wp\/v2\/product\/16314","targetHints":{"allow":["GET"]}}],"collection":[{"href":"https:\/\/linoexpress.com\/ro\/wp-json\/wp\/v2\/product"}],"about":[{"href":"https:\/\/linoexpress.com\/ro\/wp-json\/wp\/v2\/types\/product"}],"replies":[{"embeddable":true,"href":"https:\/\/linoexpress.com\/ro\/wp-json\/wp\/v2\/comments?post=16314"}],"wp:featuredmedia":[{"embeddable":true,"href":"https:\/\/linoexpress.com\/ro\/wp-json\/wp\/v2\/media\/16322"}],"wp:attachment":[{"href":"https:\/\/linoexpress.com\/ro\/wp-json\/wp\/v2\/media?parent=16314"}],"wp:term":[{"taxonomy":"product_brand","embeddable":true,"href":"https:\/\/linoexpress.com\/ro\/wp-json\/wp\/v2\/product_brand?post=16314"},{"taxonomy":"product_cat","embeddable":true,"href":"https:\/\/linoexpress.com\/ro\/wp-json\/wp\/v2\/product_cat?post=16314"},{"taxonomy":"product_tag","embeddable":true,"href":"https:\/\/linoexpress.com\/ro\/wp-json\/wp\/v2\/product_tag?post=16314"}],"curies":[{"name":"wp","href":"https:\/\/api.w.org\/{rel}","templated":true}]}}