{"id":16923,"date":"2023-11-02T15:17:20","date_gmt":"2023-11-02T14:17:20","guid":{"rendered":"https:\/\/linoexpress.com\/ro\/?post_type=product&#038;p=16923"},"modified":"2024-05-10T09:55:11","modified_gmt":"2024-05-10T07:55:11","slug":"aspirator-si-sterilizator","status":"publish","type":"product","link":"https:\/\/linoexpress.com\/ro\/produs\/aspirator-si-sterilizator\/","title":{"rendered":"Aspirator \u0219i sterilizator"},"content":{"rendered":"","protected":false},"excerpt":{"rendered":"<p>Sterilizatorul UV \u0219i aspiratorul de praf \u0219i acarieni v\u0103 garanteaz\u0103 un mediu proasp\u0103t \u0219i sigur. R\u0103sf\u0103\u021ba\u021bi-v\u0103 cu o cas\u0103 optim curat\u0103!<\/p>\n","protected":false},"featured_media":16933,"comment_status":"closed","ping_status":"closed","template":"","meta":{"inline_featured_image":false},"product_brand":[],"product_cat":[27,15],"product_tag":[],"class_list":{"0":"post-16923","1":"product","2":"type-product","3":"status-publish","4":"has-post-thumbnail","6":"product_cat-home","7":"product_cat-uncategorized","9":"first","10":"instock","11":"sale","12":"taxable","13":"shipping-taxable","14":"purchasable","15":"product-type-simple"},"acf":[],"_links":{"self":[{"href":"https:\/\/linoexpress.com\/ro\/wp-json\/wp\/v2\/product\/16923","targetHints":{"allow":["GET"]}}],"collection":[{"href":"https:\/\/linoexpress.com\/ro\/wp-json\/wp\/v2\/product"}],"about":[{"href":"https:\/\/linoexpress.com\/ro\/wp-json\/wp\/v2\/types\/product"}],"replies":[{"embeddable":true,"href":"https:\/\/linoexpress.com\/ro\/wp-json\/wp\/v2\/comments?post=16923"}],"wp:featuredmedia":[{"embeddable":true,"href":"https:\/\/linoexpress.com\/ro\/wp-json\/wp\/v2\/media\/16933"}],"wp:attachment":[{"href":"https:\/\/linoexpress.com\/ro\/wp-json\/wp\/v2\/media?parent=16923"}],"wp:term":[{"taxonomy":"product_brand","embeddable":true,"href":"https:\/\/linoexpress.com\/ro\/wp-json\/wp\/v2\/product_brand?post=16923"},{"taxonomy":"product_cat","embeddable":true,"href":"https:\/\/linoexpress.com\/ro\/wp-json\/wp\/v2\/product_cat?post=16923"},{"taxonomy":"product_tag","embeddable":true,"href":"https:\/\/linoexpress.com\/ro\/wp-json\/wp\/v2\/product_tag?post=16923"}],"curies":[{"name":"wp","href":"https:\/\/api.w.org\/{rel}","templated":true}]}}