{"id":16959,"date":"2023-11-03T08:21:07","date_gmt":"2023-11-03T07:21:07","guid":{"rendered":"https:\/\/linoexpress.com\/ro\/?post_type=product&#038;p=16959"},"modified":"2024-08-20T12:14:44","modified_gmt":"2024-08-20T10:14:44","slug":"masina-rc-drift","status":"publish","type":"product","link":"https:\/\/linoexpress.com\/ro\/produs\/masina-rc-drift\/","title":{"rendered":"Ma\u0219in\u0103 drift cu telecomand\u0103"},"content":{"rendered":"","protected":false},"excerpt":{"rendered":"<p>Transform\u0103-\u021bi casa \u00eentr-o pist\u0103 de drift pentru ma\u0219ini de juc\u0103rie. Modul neobi\u0219nuit de joac\u0103 v\u0103 va men\u021bine aten\u021bia mult timp \u0219i v\u0103 va oferi distrac\u021bie de neuitat!<\/p>\n","protected":false},"featured_media":17434,"comment_status":"closed","ping_status":"closed","template":"","meta":{"inline_featured_image":false},"product_brand":[],"product_cat":[15,35],"product_tag":[],"class_list":{"0":"post-16959","1":"product","2":"type-product","3":"status-publish","4":"has-post-thumbnail","6":"product_cat-uncategorized","7":"product_cat-fun","9":"first","10":"instock","11":"sale","12":"taxable","13":"shipping-taxable","14":"purchasable","15":"product-type-simple"},"acf":[],"_links":{"self":[{"href":"https:\/\/linoexpress.com\/ro\/wp-json\/wp\/v2\/product\/16959","targetHints":{"allow":["GET"]}}],"collection":[{"href":"https:\/\/linoexpress.com\/ro\/wp-json\/wp\/v2\/product"}],"about":[{"href":"https:\/\/linoexpress.com\/ro\/wp-json\/wp\/v2\/types\/product"}],"replies":[{"embeddable":true,"href":"https:\/\/linoexpress.com\/ro\/wp-json\/wp\/v2\/comments?post=16959"}],"wp:featuredmedia":[{"embeddable":true,"href":"https:\/\/linoexpress.com\/ro\/wp-json\/wp\/v2\/media\/17434"}],"wp:attachment":[{"href":"https:\/\/linoexpress.com\/ro\/wp-json\/wp\/v2\/media?parent=16959"}],"wp:term":[{"taxonomy":"product_brand","embeddable":true,"href":"https:\/\/linoexpress.com\/ro\/wp-json\/wp\/v2\/product_brand?post=16959"},{"taxonomy":"product_cat","embeddable":true,"href":"https:\/\/linoexpress.com\/ro\/wp-json\/wp\/v2\/product_cat?post=16959"},{"taxonomy":"product_tag","embeddable":true,"href":"https:\/\/linoexpress.com\/ro\/wp-json\/wp\/v2\/product_tag?post=16959"}],"curies":[{"name":"wp","href":"https:\/\/api.w.org\/{rel}","templated":true}]}}