{"id":16980,"date":"2023-11-03T09:38:23","date_gmt":"2023-11-03T08:38:23","guid":{"rendered":"https:\/\/linoexpress.com\/ro\/?post_type=product&#038;p=16980"},"modified":"2024-05-06T10:47:39","modified_gmt":"2024-05-06T08:47:39","slug":"capcana-pentru-animale-de-inalta-calitate","status":"publish","type":"product","link":"https:\/\/linoexpress.com\/ro\/produs\/capcana-pentru-animale-de-inalta-calitate\/","title":{"rendered":"Capcan\u0103 pentru animale de \u00eenalt\u0103 calitate"},"content":{"rendered":"","protected":false},"excerpt":{"rendered":"<p>O capcan\u0103 uman\u0103 pentru animale special conceput\u0103 pentru a captura prada u\u0219or \u0219i f\u0103r\u0103 durere.<\/p>\n","protected":false},"featured_media":16984,"comment_status":"closed","ping_status":"closed","template":"","meta":{"inline_featured_image":false},"product_brand":[],"product_cat":[27,15],"product_tag":[],"class_list":{"0":"post-16980","1":"product","2":"type-product","3":"status-publish","4":"has-post-thumbnail","6":"product_cat-home","7":"product_cat-uncategorized","9":"first","10":"instock","11":"sale","12":"taxable","13":"shipping-taxable","14":"purchasable","15":"product-type-simple"},"acf":[],"_links":{"self":[{"href":"https:\/\/linoexpress.com\/ro\/wp-json\/wp\/v2\/product\/16980","targetHints":{"allow":["GET"]}}],"collection":[{"href":"https:\/\/linoexpress.com\/ro\/wp-json\/wp\/v2\/product"}],"about":[{"href":"https:\/\/linoexpress.com\/ro\/wp-json\/wp\/v2\/types\/product"}],"replies":[{"embeddable":true,"href":"https:\/\/linoexpress.com\/ro\/wp-json\/wp\/v2\/comments?post=16980"}],"wp:featuredmedia":[{"embeddable":true,"href":"https:\/\/linoexpress.com\/ro\/wp-json\/wp\/v2\/media\/16984"}],"wp:attachment":[{"href":"https:\/\/linoexpress.com\/ro\/wp-json\/wp\/v2\/media?parent=16980"}],"wp:term":[{"taxonomy":"product_brand","embeddable":true,"href":"https:\/\/linoexpress.com\/ro\/wp-json\/wp\/v2\/product_brand?post=16980"},{"taxonomy":"product_cat","embeddable":true,"href":"https:\/\/linoexpress.com\/ro\/wp-json\/wp\/v2\/product_cat?post=16980"},{"taxonomy":"product_tag","embeddable":true,"href":"https:\/\/linoexpress.com\/ro\/wp-json\/wp\/v2\/product_tag?post=16980"}],"curies":[{"name":"wp","href":"https:\/\/api.w.org\/{rel}","templated":true}]}}