{"id":18596,"date":"2024-03-11T09:37:01","date_gmt":"2024-03-11T08:37:01","guid":{"rendered":"https:\/\/linoexpress.com\/ro\/?post_type=product&#038;p=18596"},"modified":"2024-06-06T15:09:23","modified_gmt":"2024-06-06T13:09:23","slug":"fierastrau-cu-ramuri-reglabile","status":"publish","type":"product","link":"https:\/\/linoexpress.com\/ro\/produs\/fierastrau-cu-ramuri-reglabile\/","title":{"rendered":"Fier\u0103str\u0103u cu ramuri reglabile"},"content":{"rendered":"","protected":false},"excerpt":{"rendered":"<p>Acest fier\u0103str\u0103u practic poate fi pliat sau extins \u00een func\u021bie de nevoile de t\u0103iere. Adapta\u021bi-l la munca specific\u0103 pe care o desf\u0103\u0219ura\u021bi \u0219i ob\u021bine\u021bi rezultate optime de lucru.<\/p>\n","protected":false},"featured_media":18604,"comment_status":"closed","ping_status":"closed","template":"","meta":{"inline_featured_image":false},"product_brand":[],"product_cat":[27,15],"product_tag":[],"class_list":{"0":"post-18596","1":"product","2":"type-product","3":"status-publish","4":"has-post-thumbnail","6":"product_cat-home","7":"product_cat-uncategorized","9":"first","10":"instock","11":"sale","12":"taxable","13":"shipping-taxable","14":"purchasable","15":"product-type-simple"},"acf":[],"_links":{"self":[{"href":"https:\/\/linoexpress.com\/ro\/wp-json\/wp\/v2\/product\/18596","targetHints":{"allow":["GET"]}}],"collection":[{"href":"https:\/\/linoexpress.com\/ro\/wp-json\/wp\/v2\/product"}],"about":[{"href":"https:\/\/linoexpress.com\/ro\/wp-json\/wp\/v2\/types\/product"}],"replies":[{"embeddable":true,"href":"https:\/\/linoexpress.com\/ro\/wp-json\/wp\/v2\/comments?post=18596"}],"wp:featuredmedia":[{"embeddable":true,"href":"https:\/\/linoexpress.com\/ro\/wp-json\/wp\/v2\/media\/18604"}],"wp:attachment":[{"href":"https:\/\/linoexpress.com\/ro\/wp-json\/wp\/v2\/media?parent=18596"}],"wp:term":[{"taxonomy":"product_brand","embeddable":true,"href":"https:\/\/linoexpress.com\/ro\/wp-json\/wp\/v2\/product_brand?post=18596"},{"taxonomy":"product_cat","embeddable":true,"href":"https:\/\/linoexpress.com\/ro\/wp-json\/wp\/v2\/product_cat?post=18596"},{"taxonomy":"product_tag","embeddable":true,"href":"https:\/\/linoexpress.com\/ro\/wp-json\/wp\/v2\/product_tag?post=18596"}],"curies":[{"name":"wp","href":"https:\/\/api.w.org\/{rel}","templated":true}]}}