{"id":18892,"date":"2024-05-27T11:06:02","date_gmt":"2024-05-27T09:06:02","guid":{"rendered":"https:\/\/linoexpress.com\/ro\/?post_type=product&#038;p=18892"},"modified":"2024-08-20T11:25:34","modified_gmt":"2024-08-20T09:25:34","slug":"banca-de-economii","status":"publish","type":"product","link":"https:\/\/linoexpress.com\/ro\/produs\/banca-de-economii\/","title":{"rendered":"Banc\u0103 de economii"},"content":{"rendered":"","protected":false},"excerpt":{"rendered":"<p>Aceast\u0103 caset\u0103 practic\u0103 de plan de economii v\u0103 va duce la \u021binta dvs. simplu \u0219i u\u0219or. Economisi\u021bi bani f\u0103r\u0103 stres \u0219i \u00eentr-un mod distractiv!<\/p>\n","protected":false},"featured_media":18897,"comment_status":"closed","ping_status":"closed","template":"","meta":{"inline_featured_image":false},"product_brand":[],"product_cat":[15,35],"product_tag":[],"class_list":{"0":"post-18892","1":"product","2":"type-product","3":"status-publish","4":"has-post-thumbnail","6":"product_cat-uncategorized","7":"product_cat-fun","9":"first","10":"instock","11":"sale","12":"taxable","13":"shipping-taxable","14":"purchasable","15":"product-type-variable"},"acf":[],"_links":{"self":[{"href":"https:\/\/linoexpress.com\/ro\/wp-json\/wp\/v2\/product\/18892","targetHints":{"allow":["GET"]}}],"collection":[{"href":"https:\/\/linoexpress.com\/ro\/wp-json\/wp\/v2\/product"}],"about":[{"href":"https:\/\/linoexpress.com\/ro\/wp-json\/wp\/v2\/types\/product"}],"replies":[{"embeddable":true,"href":"https:\/\/linoexpress.com\/ro\/wp-json\/wp\/v2\/comments?post=18892"}],"wp:featuredmedia":[{"embeddable":true,"href":"https:\/\/linoexpress.com\/ro\/wp-json\/wp\/v2\/media\/18897"}],"wp:attachment":[{"href":"https:\/\/linoexpress.com\/ro\/wp-json\/wp\/v2\/media?parent=18892"}],"wp:term":[{"taxonomy":"product_brand","embeddable":true,"href":"https:\/\/linoexpress.com\/ro\/wp-json\/wp\/v2\/product_brand?post=18892"},{"taxonomy":"product_cat","embeddable":true,"href":"https:\/\/linoexpress.com\/ro\/wp-json\/wp\/v2\/product_cat?post=18892"},{"taxonomy":"product_tag","embeddable":true,"href":"https:\/\/linoexpress.com\/ro\/wp-json\/wp\/v2\/product_tag?post=18892"}],"curies":[{"name":"wp","href":"https:\/\/api.w.org\/{rel}","templated":true}]}}