{"id":18928,"date":"2024-05-28T14:34:53","date_gmt":"2024-05-28T12:34:53","guid":{"rendered":"https:\/\/linoexpress.com\/ro\/?post_type=product&#038;p=18928"},"modified":"2024-12-16T20:14:42","modified_gmt":"2024-12-16T19:14:42","slug":"baschet-tacut","status":"publish","type":"product","link":"https:\/\/linoexpress.com\/ro\/produs\/baschet-tacut\/","title":{"rendered":"Baschet t\u0103cut"},"content":{"rendered":"","protected":false},"excerpt":{"rendered":"<p>O minge lini\u0219tit\u0103 pentru a juca \u00eentr-un apartament sau cas\u0103 este ideal\u0103 pentru mult\u0103 distrac\u021bie f\u0103r\u0103 a face mult zgomot!<\/p>\n","protected":false},"featured_media":18931,"comment_status":"closed","ping_status":"closed","template":"","meta":{"inline_featured_image":false},"product_brand":[],"product_cat":[15,35],"product_tag":[],"class_list":{"0":"post-18928","1":"product","2":"type-product","3":"status-publish","4":"has-post-thumbnail","6":"product_cat-uncategorized","7":"product_cat-fun","9":"first","10":"instock","11":"sale","12":"taxable","13":"shipping-taxable","14":"purchasable","15":"product-type-simple"},"acf":[],"_links":{"self":[{"href":"https:\/\/linoexpress.com\/ro\/wp-json\/wp\/v2\/product\/18928","targetHints":{"allow":["GET"]}}],"collection":[{"href":"https:\/\/linoexpress.com\/ro\/wp-json\/wp\/v2\/product"}],"about":[{"href":"https:\/\/linoexpress.com\/ro\/wp-json\/wp\/v2\/types\/product"}],"replies":[{"embeddable":true,"href":"https:\/\/linoexpress.com\/ro\/wp-json\/wp\/v2\/comments?post=18928"}],"wp:featuredmedia":[{"embeddable":true,"href":"https:\/\/linoexpress.com\/ro\/wp-json\/wp\/v2\/media\/18931"}],"wp:attachment":[{"href":"https:\/\/linoexpress.com\/ro\/wp-json\/wp\/v2\/media?parent=18928"}],"wp:term":[{"taxonomy":"product_brand","embeddable":true,"href":"https:\/\/linoexpress.com\/ro\/wp-json\/wp\/v2\/product_brand?post=18928"},{"taxonomy":"product_cat","embeddable":true,"href":"https:\/\/linoexpress.com\/ro\/wp-json\/wp\/v2\/product_cat?post=18928"},{"taxonomy":"product_tag","embeddable":true,"href":"https:\/\/linoexpress.com\/ro\/wp-json\/wp\/v2\/product_tag?post=18928"}],"curies":[{"name":"wp","href":"https:\/\/api.w.org\/{rel}","templated":true}]}}