{"id":18950,"date":"2024-05-29T08:55:38","date_gmt":"2024-05-29T06:55:38","guid":{"rendered":"https:\/\/linoexpress.com\/ro\/?post_type=product&#038;p=18950"},"modified":"2024-09-09T14:57:58","modified_gmt":"2024-09-09T12:57:58","slug":"bigudiu-pentru-a-face-valuri","status":"publish","type":"product","link":"https:\/\/linoexpress.com\/ro\/produs\/bigudiu-pentru-a-face-valuri\/","title":{"rendered":"Bigudiu pentru a face valuri"},"content":{"rendered":"","protected":false},"excerpt":{"rendered":"<p>Aranja\u021bi-v\u0103 p\u0103rul cu acest ondulator la \u00eendem\u00e2n\u0103 pentru a crea valuri frumoase \u00een c\u00e2teva mi\u0219c\u0103ri simple!<\/p>\n","protected":false},"featured_media":18957,"comment_status":"closed","ping_status":"closed","template":"","meta":{"inline_featured_image":false},"product_brand":[],"product_cat":[28,15],"product_tag":[],"class_list":{"0":"post-18950","1":"product","2":"type-product","3":"status-publish","4":"has-post-thumbnail","6":"product_cat-beauty","7":"product_cat-uncategorized","9":"first","10":"instock","11":"sale","12":"taxable","13":"shipping-taxable","14":"purchasable","15":"product-type-simple"},"acf":[],"_links":{"self":[{"href":"https:\/\/linoexpress.com\/ro\/wp-json\/wp\/v2\/product\/18950","targetHints":{"allow":["GET"]}}],"collection":[{"href":"https:\/\/linoexpress.com\/ro\/wp-json\/wp\/v2\/product"}],"about":[{"href":"https:\/\/linoexpress.com\/ro\/wp-json\/wp\/v2\/types\/product"}],"replies":[{"embeddable":true,"href":"https:\/\/linoexpress.com\/ro\/wp-json\/wp\/v2\/comments?post=18950"}],"wp:featuredmedia":[{"embeddable":true,"href":"https:\/\/linoexpress.com\/ro\/wp-json\/wp\/v2\/media\/18957"}],"wp:attachment":[{"href":"https:\/\/linoexpress.com\/ro\/wp-json\/wp\/v2\/media?parent=18950"}],"wp:term":[{"taxonomy":"product_brand","embeddable":true,"href":"https:\/\/linoexpress.com\/ro\/wp-json\/wp\/v2\/product_brand?post=18950"},{"taxonomy":"product_cat","embeddable":true,"href":"https:\/\/linoexpress.com\/ro\/wp-json\/wp\/v2\/product_cat?post=18950"},{"taxonomy":"product_tag","embeddable":true,"href":"https:\/\/linoexpress.com\/ro\/wp-json\/wp\/v2\/product_tag?post=18950"}],"curies":[{"name":"wp","href":"https:\/\/api.w.org\/{rel}","templated":true}]}}