{"id":1939,"date":"2021-03-10T20:09:03","date_gmt":"2021-03-10T19:09:03","guid":{"rendered":"https:\/\/shopium.eu\/ro\/?post_type=product&#038;p=1939"},"modified":"2024-06-19T12:38:33","modified_gmt":"2024-06-19T10:38:33","slug":"pulverizator-de-apa-de-inalta-presiune-jetgun","status":"publish","type":"product","link":"https:\/\/linoexpress.com\/ro\/produs\/pulverizator-de-apa-de-inalta-presiune-jetgun\/","title":{"rendered":"Pulverizator de ap\u0103 de \u00eenalt\u0103 presiune &#8211; JetGun"},"content":{"rendered":"","protected":false},"excerpt":{"rendered":"<p><span style=\"font-weight: 400\">Nu mai trebuie s\u0103 v\u0103 deranja\u0163i s\u0103 cur\u0103\u0163a\u0163i gospod\u0103ria sau s\u0103 sp\u0103la\u0163i ma\u015fina! Cu acest produs pute\u0163i face totul rapid \u015fi f\u0103r\u0103 efort.\u00a0<\/span><\/p>\n","protected":false},"featured_media":1943,"comment_status":"closed","ping_status":"closed","template":"","meta":{"inline_featured_image":false},"product_brand":[],"product_cat":[25,27,15],"product_tag":[],"class_list":{"0":"post-1939","1":"product","2":"type-product","3":"status-publish","4":"has-post-thumbnail","6":"product_cat-car","7":"product_cat-home","8":"product_cat-uncategorized","10":"first","11":"instock","12":"sale","13":"taxable","14":"shipping-taxable","15":"purchasable","16":"product-type-simple"},"acf":[],"_links":{"self":[{"href":"https:\/\/linoexpress.com\/ro\/wp-json\/wp\/v2\/product\/1939","targetHints":{"allow":["GET"]}}],"collection":[{"href":"https:\/\/linoexpress.com\/ro\/wp-json\/wp\/v2\/product"}],"about":[{"href":"https:\/\/linoexpress.com\/ro\/wp-json\/wp\/v2\/types\/product"}],"replies":[{"embeddable":true,"href":"https:\/\/linoexpress.com\/ro\/wp-json\/wp\/v2\/comments?post=1939"}],"wp:featuredmedia":[{"embeddable":true,"href":"https:\/\/linoexpress.com\/ro\/wp-json\/wp\/v2\/media\/1943"}],"wp:attachment":[{"href":"https:\/\/linoexpress.com\/ro\/wp-json\/wp\/v2\/media?parent=1939"}],"wp:term":[{"taxonomy":"product_brand","embeddable":true,"href":"https:\/\/linoexpress.com\/ro\/wp-json\/wp\/v2\/product_brand?post=1939"},{"taxonomy":"product_cat","embeddable":true,"href":"https:\/\/linoexpress.com\/ro\/wp-json\/wp\/v2\/product_cat?post=1939"},{"taxonomy":"product_tag","embeddable":true,"href":"https:\/\/linoexpress.com\/ro\/wp-json\/wp\/v2\/product_tag?post=1939"}],"curies":[{"name":"wp","href":"https:\/\/api.w.org\/{rel}","templated":true}]}}