{"id":19465,"date":"2024-09-10T08:46:27","date_gmt":"2024-09-10T06:46:27","guid":{"rendered":"https:\/\/linoexpress.com\/ro\/?post_type=product&#038;p=19465"},"modified":"2025-07-24T14:24:35","modified_gmt":"2025-07-24T12:24:35","slug":"un-dezactivator-puternic-de-magnetizator","status":"publish","type":"product","link":"https:\/\/linoexpress.com\/ro\/produs\/un-dezactivator-puternic-de-magnetizator\/","title":{"rendered":"Un dezactivator puternic de magnetizator"},"content":{"rendered":"","protected":false},"excerpt":{"rendered":"<p>Nu numai c\u0103 \u00eendep\u0103rteaz\u0103 urmele de pe \u00eembr\u0103c\u0103minte, dar acest dezactivator v\u0103 economise\u0219te timp \u0219i bani!<\/p>\n","protected":false},"featured_media":19467,"comment_status":"closed","ping_status":"closed","template":"","meta":{"inline_featured_image":false},"product_brand":[],"product_cat":[27,15],"product_tag":[],"class_list":{"0":"post-19465","1":"product","2":"type-product","3":"status-publish","4":"has-post-thumbnail","6":"product_cat-home","7":"product_cat-uncategorized","9":"first","10":"instock","11":"sale","12":"taxable","13":"shipping-taxable","14":"purchasable","15":"product-type-simple"},"acf":[],"_links":{"self":[{"href":"https:\/\/linoexpress.com\/ro\/wp-json\/wp\/v2\/product\/19465","targetHints":{"allow":["GET"]}}],"collection":[{"href":"https:\/\/linoexpress.com\/ro\/wp-json\/wp\/v2\/product"}],"about":[{"href":"https:\/\/linoexpress.com\/ro\/wp-json\/wp\/v2\/types\/product"}],"replies":[{"embeddable":true,"href":"https:\/\/linoexpress.com\/ro\/wp-json\/wp\/v2\/comments?post=19465"}],"wp:featuredmedia":[{"embeddable":true,"href":"https:\/\/linoexpress.com\/ro\/wp-json\/wp\/v2\/media\/19467"}],"wp:attachment":[{"href":"https:\/\/linoexpress.com\/ro\/wp-json\/wp\/v2\/media?parent=19465"}],"wp:term":[{"taxonomy":"product_brand","embeddable":true,"href":"https:\/\/linoexpress.com\/ro\/wp-json\/wp\/v2\/product_brand?post=19465"},{"taxonomy":"product_cat","embeddable":true,"href":"https:\/\/linoexpress.com\/ro\/wp-json\/wp\/v2\/product_cat?post=19465"},{"taxonomy":"product_tag","embeddable":true,"href":"https:\/\/linoexpress.com\/ro\/wp-json\/wp\/v2\/product_tag?post=19465"}],"curies":[{"name":"wp","href":"https:\/\/api.w.org\/{rel}","templated":true}]}}