{"id":19706,"date":"2024-09-24T12:28:46","date_gmt":"2024-09-24T10:28:46","guid":{"rendered":"https:\/\/linoexpress.com\/ro\/?post_type=product&#038;p=19706"},"modified":"2024-10-14T10:55:11","modified_gmt":"2024-10-14T08:55:11","slug":"11-gratuit-banca-de-economii","status":"publish","type":"product","link":"https:\/\/linoexpress.com\/ro\/produs\/11-gratuit-banca-de-economii\/","title":{"rendered":"1+1 GRATUIT Banc\u0103 de economii"},"content":{"rendered":"","protected":false},"excerpt":{"rendered":"<p>Aceast\u0103 caset\u0103 practic\u0103 de plan de economii v\u0103 va duce la \u021binta dvs. simplu \u0219i u\u0219or. Economisi\u021bi bani f\u0103r\u0103 stres \u0219i \u00eentr-un mod distractiv!<\/p>\n","protected":false},"featured_media":18897,"comment_status":"closed","ping_status":"closed","template":"","meta":{"inline_featured_image":false},"product_brand":[],"product_cat":[15,35],"product_tag":[],"class_list":{"0":"post-19706","1":"product","2":"type-product","3":"status-publish","4":"has-post-thumbnail","6":"product_cat-uncategorized","7":"product_cat-fun","9":"first","10":"instock","11":"sale","12":"taxable","13":"shipping-taxable","14":"purchasable","15":"product-type-simple"},"acf":[],"_links":{"self":[{"href":"https:\/\/linoexpress.com\/ro\/wp-json\/wp\/v2\/product\/19706","targetHints":{"allow":["GET"]}}],"collection":[{"href":"https:\/\/linoexpress.com\/ro\/wp-json\/wp\/v2\/product"}],"about":[{"href":"https:\/\/linoexpress.com\/ro\/wp-json\/wp\/v2\/types\/product"}],"replies":[{"embeddable":true,"href":"https:\/\/linoexpress.com\/ro\/wp-json\/wp\/v2\/comments?post=19706"}],"wp:featuredmedia":[{"embeddable":true,"href":"https:\/\/linoexpress.com\/ro\/wp-json\/wp\/v2\/media\/18897"}],"wp:attachment":[{"href":"https:\/\/linoexpress.com\/ro\/wp-json\/wp\/v2\/media?parent=19706"}],"wp:term":[{"taxonomy":"product_brand","embeddable":true,"href":"https:\/\/linoexpress.com\/ro\/wp-json\/wp\/v2\/product_brand?post=19706"},{"taxonomy":"product_cat","embeddable":true,"href":"https:\/\/linoexpress.com\/ro\/wp-json\/wp\/v2\/product_cat?post=19706"},{"taxonomy":"product_tag","embeddable":true,"href":"https:\/\/linoexpress.com\/ro\/wp-json\/wp\/v2\/product_tag?post=19706"}],"curies":[{"name":"wp","href":"https:\/\/api.w.org\/{rel}","templated":true}]}}