{"id":20090,"date":"2024-10-28T08:45:21","date_gmt":"2024-10-28T07:45:21","guid":{"rendered":"https:\/\/linoexpress.com\/ro\/?post_type=product&#038;p=20090"},"modified":"2024-11-04T09:19:41","modified_gmt":"2024-11-04T08:19:41","slug":"set-pentru-invatarea-crosetat-si-tricotat","status":"publish","type":"product","link":"https:\/\/linoexpress.com\/ro\/produs\/set-pentru-invatarea-crosetat-si-tricotat\/","title":{"rendered":"Set pentru invatarea crosetat si tricotat"},"content":{"rendered":"","protected":false},"excerpt":{"rendered":"<p>Modul modernizat de tricotat \u00eei va \u00eenc\u00e2nta pe to\u021bi iubitorii acestui hobby, precum \u0219i pe cei care vor doar s\u0103 devin\u0103 unul!<\/p>\n","protected":false},"featured_media":20091,"comment_status":"closed","ping_status":"closed","template":"","meta":{"inline_featured_image":false},"product_brand":[],"product_cat":[15,35],"product_tag":[],"class_list":{"0":"post-20090","1":"product","2":"type-product","3":"status-publish","4":"has-post-thumbnail","6":"product_cat-uncategorized","7":"product_cat-fun","9":"first","10":"instock","11":"sale","12":"taxable","13":"shipping-taxable","14":"purchasable","15":"product-type-simple"},"acf":[],"_links":{"self":[{"href":"https:\/\/linoexpress.com\/ro\/wp-json\/wp\/v2\/product\/20090","targetHints":{"allow":["GET"]}}],"collection":[{"href":"https:\/\/linoexpress.com\/ro\/wp-json\/wp\/v2\/product"}],"about":[{"href":"https:\/\/linoexpress.com\/ro\/wp-json\/wp\/v2\/types\/product"}],"replies":[{"embeddable":true,"href":"https:\/\/linoexpress.com\/ro\/wp-json\/wp\/v2\/comments?post=20090"}],"wp:featuredmedia":[{"embeddable":true,"href":"https:\/\/linoexpress.com\/ro\/wp-json\/wp\/v2\/media\/20091"}],"wp:attachment":[{"href":"https:\/\/linoexpress.com\/ro\/wp-json\/wp\/v2\/media?parent=20090"}],"wp:term":[{"taxonomy":"product_brand","embeddable":true,"href":"https:\/\/linoexpress.com\/ro\/wp-json\/wp\/v2\/product_brand?post=20090"},{"taxonomy":"product_cat","embeddable":true,"href":"https:\/\/linoexpress.com\/ro\/wp-json\/wp\/v2\/product_cat?post=20090"},{"taxonomy":"product_tag","embeddable":true,"href":"https:\/\/linoexpress.com\/ro\/wp-json\/wp\/v2\/product_tag?post=20090"}],"curies":[{"name":"wp","href":"https:\/\/api.w.org\/{rel}","templated":true}]}}