{"id":20096,"date":"2024-10-28T09:56:37","date_gmt":"2024-10-28T08:56:37","guid":{"rendered":"https:\/\/linoexpress.com\/ro\/?post_type=product&#038;p=20096"},"modified":"2024-12-02T11:19:31","modified_gmt":"2024-12-02T10:19:31","slug":"calendar-de-craciun-cu-cadouri","status":"publish","type":"product","link":"https:\/\/linoexpress.com\/ro\/produs\/calendar-de-craciun-cu-cadouri\/","title":{"rendered":"Calendar de Cr\u0103ciun cu cadouri"},"content":{"rendered":"","protected":false},"excerpt":{"rendered":"<p>\u00censenineaz\u0103 zilele de pre-s\u0103rb\u0103toare cu acest minunat calendar de advent \u0219i cu surprizele pe care \u021bi le rezerv\u0103!<\/p>\n","protected":false},"featured_media":20100,"comment_status":"closed","ping_status":"closed","template":"","meta":{"inline_featured_image":false},"product_brand":[],"product_cat":[15,35],"product_tag":[],"class_list":{"0":"post-20096","1":"product","2":"type-product","3":"status-publish","4":"has-post-thumbnail","6":"product_cat-uncategorized","7":"product_cat-fun","9":"first","10":"instock","11":"sale","12":"taxable","13":"shipping-taxable","14":"purchasable","15":"product-type-simple"},"acf":[],"_links":{"self":[{"href":"https:\/\/linoexpress.com\/ro\/wp-json\/wp\/v2\/product\/20096","targetHints":{"allow":["GET"]}}],"collection":[{"href":"https:\/\/linoexpress.com\/ro\/wp-json\/wp\/v2\/product"}],"about":[{"href":"https:\/\/linoexpress.com\/ro\/wp-json\/wp\/v2\/types\/product"}],"replies":[{"embeddable":true,"href":"https:\/\/linoexpress.com\/ro\/wp-json\/wp\/v2\/comments?post=20096"}],"wp:featuredmedia":[{"embeddable":true,"href":"https:\/\/linoexpress.com\/ro\/wp-json\/wp\/v2\/media\/20100"}],"wp:attachment":[{"href":"https:\/\/linoexpress.com\/ro\/wp-json\/wp\/v2\/media?parent=20096"}],"wp:term":[{"taxonomy":"product_brand","embeddable":true,"href":"https:\/\/linoexpress.com\/ro\/wp-json\/wp\/v2\/product_brand?post=20096"},{"taxonomy":"product_cat","embeddable":true,"href":"https:\/\/linoexpress.com\/ro\/wp-json\/wp\/v2\/product_cat?post=20096"},{"taxonomy":"product_tag","embeddable":true,"href":"https:\/\/linoexpress.com\/ro\/wp-json\/wp\/v2\/product_tag?post=20096"}],"curies":[{"name":"wp","href":"https:\/\/api.w.org\/{rel}","templated":true}]}}