{"id":20124,"date":"2024-10-30T12:38:17","date_gmt":"2024-10-30T11:38:17","guid":{"rendered":"https:\/\/linoexpress.com\/ro\/?post_type=product&#038;p=20124"},"modified":"2024-11-15T14:43:28","modified_gmt":"2024-11-15T13:43:28","slug":"mop-2-in-1-pentru-curatare","status":"publish","type":"product","link":"https:\/\/linoexpress.com\/ro\/produs\/mop-2-in-1-pentru-curatare\/","title":{"rendered":"Mop 2 \u00een 1 pentru cur\u0103\u021bare"},"content":{"rendered":"","protected":false},"excerpt":{"rendered":"<p>Acest mop de \u00eenalt\u0103 calitate cur\u0103\u021b\u0103 foarte eficient \u0219i rapid. Ideal pentru curatare uscata si umeda!<\/p>\n","protected":false},"featured_media":20126,"comment_status":"closed","ping_status":"closed","template":"","meta":{"inline_featured_image":false},"product_brand":[],"product_cat":[27,15],"product_tag":[],"class_list":{"0":"post-20124","1":"product","2":"type-product","3":"status-publish","4":"has-post-thumbnail","6":"product_cat-home","7":"product_cat-uncategorized","9":"first","10":"instock","11":"sale","12":"taxable","13":"shipping-taxable","14":"purchasable","15":"product-type-simple"},"acf":[],"_links":{"self":[{"href":"https:\/\/linoexpress.com\/ro\/wp-json\/wp\/v2\/product\/20124","targetHints":{"allow":["GET"]}}],"collection":[{"href":"https:\/\/linoexpress.com\/ro\/wp-json\/wp\/v2\/product"}],"about":[{"href":"https:\/\/linoexpress.com\/ro\/wp-json\/wp\/v2\/types\/product"}],"replies":[{"embeddable":true,"href":"https:\/\/linoexpress.com\/ro\/wp-json\/wp\/v2\/comments?post=20124"}],"wp:featuredmedia":[{"embeddable":true,"href":"https:\/\/linoexpress.com\/ro\/wp-json\/wp\/v2\/media\/20126"}],"wp:attachment":[{"href":"https:\/\/linoexpress.com\/ro\/wp-json\/wp\/v2\/media?parent=20124"}],"wp:term":[{"taxonomy":"product_brand","embeddable":true,"href":"https:\/\/linoexpress.com\/ro\/wp-json\/wp\/v2\/product_brand?post=20124"},{"taxonomy":"product_cat","embeddable":true,"href":"https:\/\/linoexpress.com\/ro\/wp-json\/wp\/v2\/product_cat?post=20124"},{"taxonomy":"product_tag","embeddable":true,"href":"https:\/\/linoexpress.com\/ro\/wp-json\/wp\/v2\/product_tag?post=20124"}],"curies":[{"name":"wp","href":"https:\/\/api.w.org\/{rel}","templated":true}]}}