{"id":20133,"date":"2024-10-30T15:16:37","date_gmt":"2024-10-30T14:16:37","guid":{"rendered":"https:\/\/linoexpress.com\/ro\/?post_type=product&#038;p=20133"},"modified":"2024-10-30T15:18:19","modified_gmt":"2024-10-30T14:18:19","slug":"cutie-muzicala-tren-de-craciun","status":"publish","type":"product","link":"https:\/\/linoexpress.com\/ro\/produs\/cutie-muzicala-tren-de-craciun\/","title":{"rendered":"Cutie muzical\u0103 tren de Cr\u0103ciun"},"content":{"rendered":"","protected":false},"excerpt":{"rendered":"<p>Designul retro al trenului cu motive frumoase de Cr\u0103ciun \u0219i muzic\u0103 de s\u0103rb\u0103tori este un decor ideal \u00een orice spa\u021biu!<\/p>\n","protected":false},"featured_media":20134,"comment_status":"closed","ping_status":"closed","template":"","meta":{"inline_featured_image":false},"product_brand":[],"product_cat":[15,35],"product_tag":[],"class_list":{"0":"post-20133","1":"product","2":"type-product","3":"status-publish","4":"has-post-thumbnail","6":"product_cat-uncategorized","7":"product_cat-fun","9":"first","10":"instock","11":"sale","12":"taxable","13":"shipping-taxable","14":"purchasable","15":"product-type-simple"},"acf":[],"_links":{"self":[{"href":"https:\/\/linoexpress.com\/ro\/wp-json\/wp\/v2\/product\/20133","targetHints":{"allow":["GET"]}}],"collection":[{"href":"https:\/\/linoexpress.com\/ro\/wp-json\/wp\/v2\/product"}],"about":[{"href":"https:\/\/linoexpress.com\/ro\/wp-json\/wp\/v2\/types\/product"}],"replies":[{"embeddable":true,"href":"https:\/\/linoexpress.com\/ro\/wp-json\/wp\/v2\/comments?post=20133"}],"wp:featuredmedia":[{"embeddable":true,"href":"https:\/\/linoexpress.com\/ro\/wp-json\/wp\/v2\/media\/20134"}],"wp:attachment":[{"href":"https:\/\/linoexpress.com\/ro\/wp-json\/wp\/v2\/media?parent=20133"}],"wp:term":[{"taxonomy":"product_brand","embeddable":true,"href":"https:\/\/linoexpress.com\/ro\/wp-json\/wp\/v2\/product_brand?post=20133"},{"taxonomy":"product_cat","embeddable":true,"href":"https:\/\/linoexpress.com\/ro\/wp-json\/wp\/v2\/product_cat?post=20133"},{"taxonomy":"product_tag","embeddable":true,"href":"https:\/\/linoexpress.com\/ro\/wp-json\/wp\/v2\/product_tag?post=20133"}],"curies":[{"name":"wp","href":"https:\/\/api.w.org\/{rel}","templated":true}]}}