{"id":20148,"date":"2024-10-31T09:57:57","date_gmt":"2024-10-31T08:57:57","guid":{"rendered":"https:\/\/linoexpress.com\/ro\/?post_type=product&#038;p=20148"},"modified":"2024-12-02T11:05:38","modified_gmt":"2024-12-02T10:05:38","slug":"bagheta-magica-de-foc","status":"publish","type":"product","link":"https:\/\/linoexpress.com\/ro\/produs\/bagheta-magica-de-foc\/","title":{"rendered":"Baghet\u0103 magic\u0103 de foc"},"content":{"rendered":"","protected":false},"excerpt":{"rendered":"<p>\u00cenc\u00e2nta\u021bi-i pe cei dragi cu aceast\u0103 baghet\u0103 magic\u0103 fantastic\u0103! Distrac\u021bie misterioas\u0103 garantat\u0103!<\/p>\n","protected":false},"featured_media":20149,"comment_status":"closed","ping_status":"closed","template":"","meta":{"inline_featured_image":false},"product_brand":[],"product_cat":[15,35],"product_tag":[],"class_list":{"0":"post-20148","1":"product","2":"type-product","3":"status-publish","4":"has-post-thumbnail","6":"product_cat-uncategorized","7":"product_cat-fun","9":"first","10":"instock","11":"sale","12":"taxable","13":"shipping-taxable","14":"purchasable","15":"product-type-simple"},"acf":[],"_links":{"self":[{"href":"https:\/\/linoexpress.com\/ro\/wp-json\/wp\/v2\/product\/20148","targetHints":{"allow":["GET"]}}],"collection":[{"href":"https:\/\/linoexpress.com\/ro\/wp-json\/wp\/v2\/product"}],"about":[{"href":"https:\/\/linoexpress.com\/ro\/wp-json\/wp\/v2\/types\/product"}],"replies":[{"embeddable":true,"href":"https:\/\/linoexpress.com\/ro\/wp-json\/wp\/v2\/comments?post=20148"}],"wp:featuredmedia":[{"embeddable":true,"href":"https:\/\/linoexpress.com\/ro\/wp-json\/wp\/v2\/media\/20149"}],"wp:attachment":[{"href":"https:\/\/linoexpress.com\/ro\/wp-json\/wp\/v2\/media?parent=20148"}],"wp:term":[{"taxonomy":"product_brand","embeddable":true,"href":"https:\/\/linoexpress.com\/ro\/wp-json\/wp\/v2\/product_brand?post=20148"},{"taxonomy":"product_cat","embeddable":true,"href":"https:\/\/linoexpress.com\/ro\/wp-json\/wp\/v2\/product_cat?post=20148"},{"taxonomy":"product_tag","embeddable":true,"href":"https:\/\/linoexpress.com\/ro\/wp-json\/wp\/v2\/product_tag?post=20148"}],"curies":[{"name":"wp","href":"https:\/\/api.w.org\/{rel}","templated":true}]}}