{"id":20175,"date":"2024-11-01T12:35:07","date_gmt":"2024-11-01T11:35:07","guid":{"rendered":"https:\/\/linoexpress.com\/ro\/?post_type=product&#038;p=20175"},"modified":"2024-11-01T12:37:28","modified_gmt":"2024-11-01T11:37:28","slug":"kit-de-cusut-diy-montessori","status":"publish","type":"product","link":"https:\/\/linoexpress.com\/ro\/produs\/kit-de-cusut-diy-montessori\/","title":{"rendered":"Kit de cusut DIY Montessori"},"content":{"rendered":"","protected":false},"excerpt":{"rendered":"<p>Acest set DIY este ideal pentru dezvoltarea creativit\u0103\u021bii \u0219i preciziei. Las\u0103-\u021bi copiii s\u0103 \u00ee\u0219i croiasc\u0103 singuri juc\u0103ria preferat\u0103.<\/p>\n","protected":false},"featured_media":20181,"comment_status":"closed","ping_status":"closed","template":"","meta":{"inline_featured_image":false},"product_brand":[],"product_cat":[15,35],"product_tag":[],"class_list":{"0":"post-20175","1":"product","2":"type-product","3":"status-publish","4":"has-post-thumbnail","6":"product_cat-uncategorized","7":"product_cat-fun","9":"first","10":"instock","11":"sale","12":"taxable","13":"shipping-taxable","14":"purchasable","15":"product-type-simple"},"acf":[],"_links":{"self":[{"href":"https:\/\/linoexpress.com\/ro\/wp-json\/wp\/v2\/product\/20175","targetHints":{"allow":["GET"]}}],"collection":[{"href":"https:\/\/linoexpress.com\/ro\/wp-json\/wp\/v2\/product"}],"about":[{"href":"https:\/\/linoexpress.com\/ro\/wp-json\/wp\/v2\/types\/product"}],"replies":[{"embeddable":true,"href":"https:\/\/linoexpress.com\/ro\/wp-json\/wp\/v2\/comments?post=20175"}],"wp:featuredmedia":[{"embeddable":true,"href":"https:\/\/linoexpress.com\/ro\/wp-json\/wp\/v2\/media\/20181"}],"wp:attachment":[{"href":"https:\/\/linoexpress.com\/ro\/wp-json\/wp\/v2\/media?parent=20175"}],"wp:term":[{"taxonomy":"product_brand","embeddable":true,"href":"https:\/\/linoexpress.com\/ro\/wp-json\/wp\/v2\/product_brand?post=20175"},{"taxonomy":"product_cat","embeddable":true,"href":"https:\/\/linoexpress.com\/ro\/wp-json\/wp\/v2\/product_cat?post=20175"},{"taxonomy":"product_tag","embeddable":true,"href":"https:\/\/linoexpress.com\/ro\/wp-json\/wp\/v2\/product_tag?post=20175"}],"curies":[{"name":"wp","href":"https:\/\/api.w.org\/{rel}","templated":true}]}}