{"id":20223,"date":"2024-11-05T13:13:07","date_gmt":"2024-11-05T12:13:07","guid":{"rendered":"https:\/\/linoexpress.com\/ro\/?post_type=product&#038;p=20223"},"modified":"2025-01-16T13:26:29","modified_gmt":"2025-01-16T12:26:29","slug":"masti-de-fata-realiste","status":"publish","type":"product","link":"https:\/\/linoexpress.com\/ro\/produs\/masti-de-fata-realiste\/","title":{"rendered":"M\u0103\u0219ti de fa\u021b\u0103 realiste"},"content":{"rendered":"","protected":false},"excerpt":{"rendered":"<p>M\u0103\u0219ti de calitate superioar\u0103, f\u0103cute s\u0103 semene cu o persoan\u0103 real\u0103. Fii \u00een centrul aten\u021biei pentru Helloween, baluri mascate, petreceri tematice sau c\u00e2nd faci farse prietenilor t\u0103i!<\/p>\n","protected":false},"featured_media":20229,"comment_status":"closed","ping_status":"closed","template":"","meta":{"inline_featured_image":false},"product_brand":[],"product_cat":[15,35],"product_tag":[],"class_list":{"0":"post-20223","1":"product","2":"type-product","3":"status-publish","4":"has-post-thumbnail","6":"product_cat-uncategorized","7":"product_cat-fun","9":"first","10":"instock","11":"sale","12":"taxable","13":"shipping-taxable","14":"purchasable","15":"product-type-simple"},"acf":[],"_links":{"self":[{"href":"https:\/\/linoexpress.com\/ro\/wp-json\/wp\/v2\/product\/20223","targetHints":{"allow":["GET"]}}],"collection":[{"href":"https:\/\/linoexpress.com\/ro\/wp-json\/wp\/v2\/product"}],"about":[{"href":"https:\/\/linoexpress.com\/ro\/wp-json\/wp\/v2\/types\/product"}],"replies":[{"embeddable":true,"href":"https:\/\/linoexpress.com\/ro\/wp-json\/wp\/v2\/comments?post=20223"}],"wp:featuredmedia":[{"embeddable":true,"href":"https:\/\/linoexpress.com\/ro\/wp-json\/wp\/v2\/media\/20229"}],"wp:attachment":[{"href":"https:\/\/linoexpress.com\/ro\/wp-json\/wp\/v2\/media?parent=20223"}],"wp:term":[{"taxonomy":"product_brand","embeddable":true,"href":"https:\/\/linoexpress.com\/ro\/wp-json\/wp\/v2\/product_brand?post=20223"},{"taxonomy":"product_cat","embeddable":true,"href":"https:\/\/linoexpress.com\/ro\/wp-json\/wp\/v2\/product_cat?post=20223"},{"taxonomy":"product_tag","embeddable":true,"href":"https:\/\/linoexpress.com\/ro\/wp-json\/wp\/v2\/product_tag?post=20223"}],"curies":[{"name":"wp","href":"https:\/\/api.w.org\/{rel}","templated":true}]}}