{"id":21374,"date":"2025-02-18T15:33:09","date_gmt":"2025-02-18T14:33:09","guid":{"rendered":"https:\/\/linoexpress.com\/ro\/?post_type=product&#038;p=21374"},"modified":"2025-02-18T18:33:12","modified_gmt":"2025-02-18T17:33:12","slug":"spray-invizibil-pentru-placuta-de-inmatriculare","status":"publish","type":"product","link":"https:\/\/linoexpress.com\/ro\/produs\/spray-invizibil-pentru-placuta-de-inmatriculare\/","title":{"rendered":"Spray invizibil pentru pl\u0103cu\u021b\u0103 de \u00eenmatriculare"},"content":{"rendered":"","protected":false},"excerpt":{"rendered":"<p>Acest spray invizibil japonez ofer\u0103 rezultate instantanee, asigur\u00e2ndu-v\u0103 intimitate complet\u0103 \u00een timpul conducerii. Pur \u0219i simplu pulveriza\u021bi pl\u0103cu\u021ba de \u00eenmatriculare \u0219i asigura\u021bi-v\u0103 cu protec\u021bie maxim\u0103 \u00eempotriva sistemelor de urm\u0103rire. Cu aceast\u0103 tehnologie inovatoare de blocare a fotografiilor, anonimatul t\u0103u este pe primul loc.<\/p>\n","protected":false},"featured_media":21379,"comment_status":"closed","ping_status":"closed","template":"","meta":{"inline_featured_image":false},"product_brand":[],"product_cat":[15,35],"product_tag":[],"class_list":{"0":"post-21374","1":"product","2":"type-product","3":"status-publish","4":"has-post-thumbnail","6":"product_cat-uncategorized","7":"product_cat-fun","9":"first","10":"instock","11":"sale","12":"taxable","13":"shipping-taxable","14":"purchasable","15":"product-type-simple"},"acf":[],"_links":{"self":[{"href":"https:\/\/linoexpress.com\/ro\/wp-json\/wp\/v2\/product\/21374","targetHints":{"allow":["GET"]}}],"collection":[{"href":"https:\/\/linoexpress.com\/ro\/wp-json\/wp\/v2\/product"}],"about":[{"href":"https:\/\/linoexpress.com\/ro\/wp-json\/wp\/v2\/types\/product"}],"replies":[{"embeddable":true,"href":"https:\/\/linoexpress.com\/ro\/wp-json\/wp\/v2\/comments?post=21374"}],"wp:featuredmedia":[{"embeddable":true,"href":"https:\/\/linoexpress.com\/ro\/wp-json\/wp\/v2\/media\/21379"}],"wp:attachment":[{"href":"https:\/\/linoexpress.com\/ro\/wp-json\/wp\/v2\/media?parent=21374"}],"wp:term":[{"taxonomy":"product_brand","embeddable":true,"href":"https:\/\/linoexpress.com\/ro\/wp-json\/wp\/v2\/product_brand?post=21374"},{"taxonomy":"product_cat","embeddable":true,"href":"https:\/\/linoexpress.com\/ro\/wp-json\/wp\/v2\/product_cat?post=21374"},{"taxonomy":"product_tag","embeddable":true,"href":"https:\/\/linoexpress.com\/ro\/wp-json\/wp\/v2\/product_tag?post=21374"}],"curies":[{"name":"wp","href":"https:\/\/api.w.org\/{rel}","templated":true}]}}