{"id":21489,"date":"2025-03-04T10:03:09","date_gmt":"2025-03-04T09:03:09","guid":{"rendered":"https:\/\/linoexpress.com\/ro\/?post_type=product&#038;p=21489"},"modified":"2025-09-18T10:32:00","modified_gmt":"2025-09-18T08:32:00","slug":"pozitionator-de-instalare-a-usii","status":"publish","type":"product","link":"https:\/\/linoexpress.com\/ro\/produs\/pozitionator-de-instalare-a-usii\/","title":{"rendered":"Pozi\u021bionator de instalare a u\u0219ii"},"content":{"rendered":"","protected":false},"excerpt":{"rendered":"<p>Pozi\u021bion\u0103torul nostru de instalare a u\u0219ii ofer\u0103 o modalitate rapid\u0103 \u0219i precis\u0103 de a ob\u021bine o aliniere perfect\u0103, chiar \u0219i f\u0103r\u0103 ajutorul altora. Acest instrument este conceput pentru u\u0219urin\u021b\u0103 \u00een utilizare, permi\u021b\u00e2ndu-v\u0103 s\u0103 face\u021bi treaba mai rapid \u0219i mai eficient.<\/p>\n","protected":false},"featured_media":21490,"comment_status":"closed","ping_status":"closed","template":"","meta":{"inline_featured_image":false},"product_brand":[],"product_cat":[15,35],"product_tag":[],"class_list":{"0":"post-21489","1":"product","2":"type-product","3":"status-publish","4":"has-post-thumbnail","6":"product_cat-uncategorized","7":"product_cat-fun","9":"first","10":"instock","11":"sale","12":"taxable","13":"shipping-taxable","14":"purchasable","15":"product-type-simple"},"acf":[],"_links":{"self":[{"href":"https:\/\/linoexpress.com\/ro\/wp-json\/wp\/v2\/product\/21489","targetHints":{"allow":["GET"]}}],"collection":[{"href":"https:\/\/linoexpress.com\/ro\/wp-json\/wp\/v2\/product"}],"about":[{"href":"https:\/\/linoexpress.com\/ro\/wp-json\/wp\/v2\/types\/product"}],"replies":[{"embeddable":true,"href":"https:\/\/linoexpress.com\/ro\/wp-json\/wp\/v2\/comments?post=21489"}],"wp:featuredmedia":[{"embeddable":true,"href":"https:\/\/linoexpress.com\/ro\/wp-json\/wp\/v2\/media\/21490"}],"wp:attachment":[{"href":"https:\/\/linoexpress.com\/ro\/wp-json\/wp\/v2\/media?parent=21489"}],"wp:term":[{"taxonomy":"product_brand","embeddable":true,"href":"https:\/\/linoexpress.com\/ro\/wp-json\/wp\/v2\/product_brand?post=21489"},{"taxonomy":"product_cat","embeddable":true,"href":"https:\/\/linoexpress.com\/ro\/wp-json\/wp\/v2\/product_cat?post=21489"},{"taxonomy":"product_tag","embeddable":true,"href":"https:\/\/linoexpress.com\/ro\/wp-json\/wp\/v2\/product_tag?post=21489"}],"curies":[{"name":"wp","href":"https:\/\/api.w.org\/{rel}","templated":true}]}}