{"id":21509,"date":"2025-03-04T13:33:20","date_gmt":"2025-03-04T12:33:20","guid":{"rendered":"https:\/\/linoexpress.com\/ro\/?post_type=product&#038;p=21509"},"modified":"2025-04-28T12:57:38","modified_gmt":"2025-04-28T10:57:38","slug":"set-de-arta-magie-creativa","status":"publish","type":"product","link":"https:\/\/linoexpress.com\/ro\/produs\/set-de-arta-magie-creativa\/","title":{"rendered":"Set de art\u0103 &#8211; magie creativ\u0103"},"content":{"rendered":"","protected":false},"excerpt":{"rendered":"<p>Descoper\u0103 lumea magic\u0103 a artei! Acest set creativ faciliteaz\u0103 crearea de opere de art\u0103 incredibile cu o singur\u0103 zg\u00e2rietur\u0103. Indiferent dac\u0103 sunte\u021bi un \u00eencep\u0103tor sau un artist cu experien\u021b\u0103, acest set ofer\u0103 posibilit\u0103\u021bi nelimitate de a v\u0103 exprima creativitatea. \u00cenvesele\u0219te-\u021bi copiii sau pe tine \u00eensu\u021bi cu aceast\u0103 activitate distractiv\u0103 \u0219i educativ\u0103!<\/p>\n","protected":false},"featured_media":21515,"comment_status":"closed","ping_status":"closed","template":"","meta":{"inline_featured_image":false},"product_brand":[],"product_cat":[15,35],"product_tag":[],"class_list":{"0":"post-21509","1":"product","2":"type-product","3":"status-publish","4":"has-post-thumbnail","6":"product_cat-uncategorized","7":"product_cat-fun","9":"first","10":"instock","11":"sale","12":"taxable","13":"shipping-taxable","14":"purchasable","15":"product-type-simple"},"acf":[],"_links":{"self":[{"href":"https:\/\/linoexpress.com\/ro\/wp-json\/wp\/v2\/product\/21509","targetHints":{"allow":["GET"]}}],"collection":[{"href":"https:\/\/linoexpress.com\/ro\/wp-json\/wp\/v2\/product"}],"about":[{"href":"https:\/\/linoexpress.com\/ro\/wp-json\/wp\/v2\/types\/product"}],"replies":[{"embeddable":true,"href":"https:\/\/linoexpress.com\/ro\/wp-json\/wp\/v2\/comments?post=21509"}],"wp:featuredmedia":[{"embeddable":true,"href":"https:\/\/linoexpress.com\/ro\/wp-json\/wp\/v2\/media\/21515"}],"wp:attachment":[{"href":"https:\/\/linoexpress.com\/ro\/wp-json\/wp\/v2\/media?parent=21509"}],"wp:term":[{"taxonomy":"product_brand","embeddable":true,"href":"https:\/\/linoexpress.com\/ro\/wp-json\/wp\/v2\/product_brand?post=21509"},{"taxonomy":"product_cat","embeddable":true,"href":"https:\/\/linoexpress.com\/ro\/wp-json\/wp\/v2\/product_cat?post=21509"},{"taxonomy":"product_tag","embeddable":true,"href":"https:\/\/linoexpress.com\/ro\/wp-json\/wp\/v2\/product_tag?post=21509"}],"curies":[{"name":"wp","href":"https:\/\/api.w.org\/{rel}","templated":true}]}}