{"id":21578,"date":"2025-03-13T02:41:13","date_gmt":"2025-03-13T01:41:13","guid":{"rendered":"https:\/\/linoexpress.com\/ro\/?post_type=product&#038;p=21578"},"modified":"2025-09-18T10:40:23","modified_gmt":"2025-09-18T08:40:23","slug":"banda-individuala-de-antrenament-de-box","status":"publish","type":"product","link":"https:\/\/linoexpress.com\/ro\/produs\/banda-individuala-de-antrenament-de-box\/","title":{"rendered":"Band\u0103 individual\u0103 de antrenament de box"},"content":{"rendered":"","protected":false},"excerpt":{"rendered":"<p>O band\u0103 de rezisten\u021b\u0103 inovatoare conceput\u0103 special pentru boxeri. Ele v\u0103 ajut\u0103 s\u0103 v\u0103 \u00eembun\u0103t\u0103\u021bi\u021bi jocul de picioare, s\u0103 v\u0103 cre\u0219te\u021bi puterea de lovire \u0219i s\u0103 v\u0103 proteja\u021bi de r\u0103niri. Instrumentul perfect pentru fiecare nivel de boxer, de la \u00eencep\u0103tori la profesioni\u0219ti.<\/p>\n","protected":false},"featured_media":21579,"comment_status":"closed","ping_status":"closed","template":"","meta":{"inline_featured_image":false},"product_brand":[],"product_cat":[15,35],"product_tag":[],"class_list":{"0":"post-21578","1":"product","2":"type-product","3":"status-publish","4":"has-post-thumbnail","6":"product_cat-uncategorized","7":"product_cat-fun","9":"first","10":"instock","11":"sale","12":"taxable","13":"shipping-taxable","14":"purchasable","15":"product-type-simple"},"acf":[],"_links":{"self":[{"href":"https:\/\/linoexpress.com\/ro\/wp-json\/wp\/v2\/product\/21578","targetHints":{"allow":["GET"]}}],"collection":[{"href":"https:\/\/linoexpress.com\/ro\/wp-json\/wp\/v2\/product"}],"about":[{"href":"https:\/\/linoexpress.com\/ro\/wp-json\/wp\/v2\/types\/product"}],"replies":[{"embeddable":true,"href":"https:\/\/linoexpress.com\/ro\/wp-json\/wp\/v2\/comments?post=21578"}],"wp:featuredmedia":[{"embeddable":true,"href":"https:\/\/linoexpress.com\/ro\/wp-json\/wp\/v2\/media\/21579"}],"wp:attachment":[{"href":"https:\/\/linoexpress.com\/ro\/wp-json\/wp\/v2\/media?parent=21578"}],"wp:term":[{"taxonomy":"product_brand","embeddable":true,"href":"https:\/\/linoexpress.com\/ro\/wp-json\/wp\/v2\/product_brand?post=21578"},{"taxonomy":"product_cat","embeddable":true,"href":"https:\/\/linoexpress.com\/ro\/wp-json\/wp\/v2\/product_cat?post=21578"},{"taxonomy":"product_tag","embeddable":true,"href":"https:\/\/linoexpress.com\/ro\/wp-json\/wp\/v2\/product_tag?post=21578"}],"curies":[{"name":"wp","href":"https:\/\/api.w.org\/{rel}","templated":true}]}}