{"id":21609,"date":"2025-03-14T11:45:55","date_gmt":"2025-03-14T10:45:55","guid":{"rendered":"https:\/\/linoexpress.com\/ro\/?post_type=product&#038;p=21609"},"modified":"2026-03-11T00:50:30","modified_gmt":"2026-03-10T23:50:30","slug":"exercitii-kegel","status":"publish","type":"product","link":"https:\/\/linoexpress.com\/ro\/produs\/exercitii-kegel\/","title":{"rendered":"Exerci\u021bii Kegel"},"content":{"rendered":"","protected":false},"excerpt":{"rendered":"<p>Ob\u021bine\u021bi un control \u0219i rezisten\u021b\u0103 mai mare cu exerci\u021biile Kegel care v\u0103 \u00eent\u0103resc mu\u0219chii podelei pelvine. Aceast\u0103 metod\u0103 simpl\u0103, natural\u0103 \u0219i dovedit\u0103 \u00eembun\u0103t\u0103\u021be\u0219te starea fizic\u0103, rezisten\u021ba \u0219i bun\u0103starea general\u0103 f\u0103r\u0103 utilizarea medicamentelor. Este ideal pentru b\u0103rba\u021bi \u0219i femei \u0219i este portabil \u0219i u\u0219or de utilizat oriunde.<\/p>\n","protected":false},"featured_media":21610,"comment_status":"closed","ping_status":"closed","template":"","meta":{"inline_featured_image":false},"product_brand":[],"product_cat":[15,35],"product_tag":[],"class_list":{"0":"post-21609","1":"product","2":"type-product","3":"status-publish","4":"has-post-thumbnail","6":"product_cat-uncategorized","7":"product_cat-fun","9":"first","10":"instock","11":"sale","12":"taxable","13":"shipping-taxable","14":"purchasable","15":"product-type-simple"},"acf":[],"_links":{"self":[{"href":"https:\/\/linoexpress.com\/ro\/wp-json\/wp\/v2\/product\/21609","targetHints":{"allow":["GET"]}}],"collection":[{"href":"https:\/\/linoexpress.com\/ro\/wp-json\/wp\/v2\/product"}],"about":[{"href":"https:\/\/linoexpress.com\/ro\/wp-json\/wp\/v2\/types\/product"}],"replies":[{"embeddable":true,"href":"https:\/\/linoexpress.com\/ro\/wp-json\/wp\/v2\/comments?post=21609"}],"wp:featuredmedia":[{"embeddable":true,"href":"https:\/\/linoexpress.com\/ro\/wp-json\/wp\/v2\/media\/21610"}],"wp:attachment":[{"href":"https:\/\/linoexpress.com\/ro\/wp-json\/wp\/v2\/media?parent=21609"}],"wp:term":[{"taxonomy":"product_brand","embeddable":true,"href":"https:\/\/linoexpress.com\/ro\/wp-json\/wp\/v2\/product_brand?post=21609"},{"taxonomy":"product_cat","embeddable":true,"href":"https:\/\/linoexpress.com\/ro\/wp-json\/wp\/v2\/product_cat?post=21609"},{"taxonomy":"product_tag","embeddable":true,"href":"https:\/\/linoexpress.com\/ro\/wp-json\/wp\/v2\/product_tag?post=21609"}],"curies":[{"name":"wp","href":"https:\/\/api.w.org\/{rel}","templated":true}]}}