{"id":21621,"date":"2025-03-15T12:02:50","date_gmt":"2025-03-15T11:02:50","guid":{"rendered":"https:\/\/linoexpress.com\/ro\/?post_type=product&#038;p=21621"},"modified":"2025-04-28T13:22:49","modified_gmt":"2025-04-28T11:22:49","slug":"jucarie-interactiva-cu-pasari-pentru-pisici","status":"publish","type":"product","link":"https:\/\/linoexpress.com\/ro\/produs\/jucarie-interactiva-cu-pasari-pentru-pisici\/","title":{"rendered":"Juc\u0103rie interactiv\u0103 cu p\u0103s\u0103ri pentru pisici"},"content":{"rendered":"","protected":false},"excerpt":{"rendered":"<p>Aceast\u0103 pas\u0103re de plu\u0219 ofer\u0103 ore \u00een \u0219ir de divertisment pentru pisica ta datorit\u0103 sunetelor \u0219i mi\u0219c\u0103rilor sale realiste. Penele ei \u0219i materialul moale o fac perfect\u0103 pentru ron\u021b\u0103it, prins \u0219i joac\u0103. Stimuleaz\u0103 instinctele naturale ale pisicii, \u00eencuraj\u00e2nd activitatea \u0219i stimularea mental\u0103.<\/p>\n","protected":false},"featured_media":21624,"comment_status":"closed","ping_status":"closed","template":"","meta":{"inline_featured_image":false},"product_brand":[],"product_cat":[15,35],"product_tag":[],"class_list":{"0":"post-21621","1":"product","2":"type-product","3":"status-publish","4":"has-post-thumbnail","6":"product_cat-uncategorized","7":"product_cat-fun","9":"first","10":"instock","11":"sale","12":"taxable","13":"shipping-taxable","14":"purchasable","15":"product-type-simple"},"acf":[],"_links":{"self":[{"href":"https:\/\/linoexpress.com\/ro\/wp-json\/wp\/v2\/product\/21621","targetHints":{"allow":["GET"]}}],"collection":[{"href":"https:\/\/linoexpress.com\/ro\/wp-json\/wp\/v2\/product"}],"about":[{"href":"https:\/\/linoexpress.com\/ro\/wp-json\/wp\/v2\/types\/product"}],"replies":[{"embeddable":true,"href":"https:\/\/linoexpress.com\/ro\/wp-json\/wp\/v2\/comments?post=21621"}],"wp:featuredmedia":[{"embeddable":true,"href":"https:\/\/linoexpress.com\/ro\/wp-json\/wp\/v2\/media\/21624"}],"wp:attachment":[{"href":"https:\/\/linoexpress.com\/ro\/wp-json\/wp\/v2\/media?parent=21621"}],"wp:term":[{"taxonomy":"product_brand","embeddable":true,"href":"https:\/\/linoexpress.com\/ro\/wp-json\/wp\/v2\/product_brand?post=21621"},{"taxonomy":"product_cat","embeddable":true,"href":"https:\/\/linoexpress.com\/ro\/wp-json\/wp\/v2\/product_cat?post=21621"},{"taxonomy":"product_tag","embeddable":true,"href":"https:\/\/linoexpress.com\/ro\/wp-json\/wp\/v2\/product_tag?post=21621"}],"curies":[{"name":"wp","href":"https:\/\/api.w.org\/{rel}","templated":true}]}}