{"id":21715,"date":"2025-03-31T14:23:56","date_gmt":"2025-03-31T12:23:56","guid":{"rendered":"https:\/\/linoexpress.com\/ro\/?post_type=product&#038;p=21715"},"modified":"2025-09-18T10:40:30","modified_gmt":"2025-09-18T08:40:30","slug":"banda-de-antrenament-de-box-individuala","status":"publish","type":"product","link":"https:\/\/linoexpress.com\/ro\/produs\/banda-de-antrenament-de-box-individuala\/","title":{"rendered":"Banda de antrenament de box individual\u0103"},"content":{"rendered":"","protected":false},"excerpt":{"rendered":"<p>O curea inovatoare de antrenament de box care \u00eembun\u0103t\u0103\u021be\u0219te viteza, for\u021ba \u0219i agilitatea. Ajut\u0103 la \u00eent\u0103rirea mu\u0219chilor cheie \u0219i asigur\u0103 o mi\u0219care exploziv\u0103 f\u0103r\u0103 a fi nevoie de greut\u0103\u021bi.<\/p>\n","protected":false},"featured_media":21579,"comment_status":"closed","ping_status":"closed","template":"","meta":{"inline_featured_image":false},"product_brand":[],"product_cat":[28,15,26],"product_tag":[],"class_list":{"0":"post-21715","1":"product","2":"type-product","3":"status-publish","4":"has-post-thumbnail","6":"product_cat-beauty","7":"product_cat-uncategorized","8":"product_cat-health","10":"first","11":"instock","12":"sale","13":"taxable","14":"shipping-taxable","15":"purchasable","16":"product-type-simple"},"acf":[],"_links":{"self":[{"href":"https:\/\/linoexpress.com\/ro\/wp-json\/wp\/v2\/product\/21715","targetHints":{"allow":["GET"]}}],"collection":[{"href":"https:\/\/linoexpress.com\/ro\/wp-json\/wp\/v2\/product"}],"about":[{"href":"https:\/\/linoexpress.com\/ro\/wp-json\/wp\/v2\/types\/product"}],"replies":[{"embeddable":true,"href":"https:\/\/linoexpress.com\/ro\/wp-json\/wp\/v2\/comments?post=21715"}],"wp:featuredmedia":[{"embeddable":true,"href":"https:\/\/linoexpress.com\/ro\/wp-json\/wp\/v2\/media\/21579"}],"wp:attachment":[{"href":"https:\/\/linoexpress.com\/ro\/wp-json\/wp\/v2\/media?parent=21715"}],"wp:term":[{"taxonomy":"product_brand","embeddable":true,"href":"https:\/\/linoexpress.com\/ro\/wp-json\/wp\/v2\/product_brand?post=21715"},{"taxonomy":"product_cat","embeddable":true,"href":"https:\/\/linoexpress.com\/ro\/wp-json\/wp\/v2\/product_cat?post=21715"},{"taxonomy":"product_tag","embeddable":true,"href":"https:\/\/linoexpress.com\/ro\/wp-json\/wp\/v2\/product_tag?post=21715"}],"curies":[{"name":"wp","href":"https:\/\/api.w.org\/{rel}","templated":true}]}}