{"id":21742,"date":"2025-04-04T00:02:01","date_gmt":"2025-04-03T22:02:01","guid":{"rendered":"https:\/\/linoexpress.com\/ro\/?post_type=product&#038;p=21742"},"modified":"2025-09-18T10:31:51","modified_gmt":"2025-09-18T08:31:51","slug":"pozitionator-pentru-instalarea-usii","status":"publish","type":"product","link":"https:\/\/linoexpress.com\/ro\/produs\/pozitionator-pentru-instalarea-usii\/","title":{"rendered":"Pozitionator pentru instalarea usii"},"content":{"rendered":"","protected":false},"excerpt":{"rendered":"<p>Un instrument precis \u0219i simplu pentru instalarea u\u0219ilor dulapurilor. Permite nivelarea rapid\u0103 \u0219i montarea \u00een siguran\u021b\u0103 f\u0103r\u0103 ajutor suplimentar. Fabricat din aliaj de aluminiu durabil pentru utilizare de lung\u0103 durat\u0103.<\/p>\n","protected":false},"featured_media":21490,"comment_status":"closed","ping_status":"closed","template":"","meta":{"inline_featured_image":false},"product_brand":[],"product_cat":[27,15],"product_tag":[],"class_list":{"0":"post-21742","1":"product","2":"type-product","3":"status-publish","4":"has-post-thumbnail","6":"product_cat-home","7":"product_cat-uncategorized","9":"first","10":"instock","11":"sale","12":"taxable","13":"shipping-taxable","14":"purchasable","15":"product-type-simple"},"acf":[],"_links":{"self":[{"href":"https:\/\/linoexpress.com\/ro\/wp-json\/wp\/v2\/product\/21742","targetHints":{"allow":["GET"]}}],"collection":[{"href":"https:\/\/linoexpress.com\/ro\/wp-json\/wp\/v2\/product"}],"about":[{"href":"https:\/\/linoexpress.com\/ro\/wp-json\/wp\/v2\/types\/product"}],"replies":[{"embeddable":true,"href":"https:\/\/linoexpress.com\/ro\/wp-json\/wp\/v2\/comments?post=21742"}],"wp:featuredmedia":[{"embeddable":true,"href":"https:\/\/linoexpress.com\/ro\/wp-json\/wp\/v2\/media\/21490"}],"wp:attachment":[{"href":"https:\/\/linoexpress.com\/ro\/wp-json\/wp\/v2\/media?parent=21742"}],"wp:term":[{"taxonomy":"product_brand","embeddable":true,"href":"https:\/\/linoexpress.com\/ro\/wp-json\/wp\/v2\/product_brand?post=21742"},{"taxonomy":"product_cat","embeddable":true,"href":"https:\/\/linoexpress.com\/ro\/wp-json\/wp\/v2\/product_cat?post=21742"},{"taxonomy":"product_tag","embeddable":true,"href":"https:\/\/linoexpress.com\/ro\/wp-json\/wp\/v2\/product_tag?post=21742"}],"curies":[{"name":"wp","href":"https:\/\/api.w.org\/{rel}","templated":true}]}}