{"id":21766,"date":"2025-04-04T14:35:08","date_gmt":"2025-04-04T12:35:08","guid":{"rendered":"https:\/\/linoexpress.com\/ro\/?post_type=product&#038;p=21766"},"modified":"2025-09-18T10:07:01","modified_gmt":"2025-09-18T08:07:01","slug":"masti-de-fata-adevarate","status":"publish","type":"product","link":"https:\/\/linoexpress.com\/ro\/produs\/masti-de-fata-adevarate\/","title":{"rendered":"M\u0103\u0219ti de fa\u021b\u0103 adev\u0103rate"},"content":{"rendered":"","protected":false},"excerpt":{"rendered":"<p>Transform\u0103-te \u00eentr-o clip\u0103 \u00een altcineva!<br \/>\nM\u0103\u0219ti realiste de \u00eenalt\u0103 calitate din latex natural. Perfect pentru Halloween, baluri mascate, petreceri tematice sau farse de neuitat cu prietenii.<\/p>\n","protected":false},"featured_media":21774,"comment_status":"closed","ping_status":"closed","template":"","meta":{"inline_featured_image":false},"product_brand":[],"product_cat":[27,15],"product_tag":[],"class_list":{"0":"post-21766","1":"product","2":"type-product","3":"status-publish","4":"has-post-thumbnail","6":"product_cat-home","7":"product_cat-uncategorized","9":"first","10":"instock","11":"sale","12":"taxable","13":"shipping-taxable","14":"purchasable","15":"product-type-simple"},"acf":[],"_links":{"self":[{"href":"https:\/\/linoexpress.com\/ro\/wp-json\/wp\/v2\/product\/21766","targetHints":{"allow":["GET"]}}],"collection":[{"href":"https:\/\/linoexpress.com\/ro\/wp-json\/wp\/v2\/product"}],"about":[{"href":"https:\/\/linoexpress.com\/ro\/wp-json\/wp\/v2\/types\/product"}],"replies":[{"embeddable":true,"href":"https:\/\/linoexpress.com\/ro\/wp-json\/wp\/v2\/comments?post=21766"}],"wp:featuredmedia":[{"embeddable":true,"href":"https:\/\/linoexpress.com\/ro\/wp-json\/wp\/v2\/media\/21774"}],"wp:attachment":[{"href":"https:\/\/linoexpress.com\/ro\/wp-json\/wp\/v2\/media?parent=21766"}],"wp:term":[{"taxonomy":"product_brand","embeddable":true,"href":"https:\/\/linoexpress.com\/ro\/wp-json\/wp\/v2\/product_brand?post=21766"},{"taxonomy":"product_cat","embeddable":true,"href":"https:\/\/linoexpress.com\/ro\/wp-json\/wp\/v2\/product_cat?post=21766"},{"taxonomy":"product_tag","embeddable":true,"href":"https:\/\/linoexpress.com\/ro\/wp-json\/wp\/v2\/product_tag?post=21766"}],"curies":[{"name":"wp","href":"https:\/\/api.w.org\/{rel}","templated":true}]}}