{"id":22466,"date":"2025-06-20T00:02:08","date_gmt":"2025-06-19T22:02:08","guid":{"rendered":"https:\/\/linoexpress.com\/ro\/?post_type=product&#038;p=22466"},"modified":"2025-06-20T01:52:34","modified_gmt":"2025-06-19T23:52:34","slug":"suflanta-turbo-aer","status":"publish","type":"product","link":"https:\/\/linoexpress.com\/ro\/produs\/suflanta-turbo-aer\/","title":{"rendered":"Suflant\u0103 Turbo Aer"},"content":{"rendered":"","protected":false},"excerpt":{"rendered":"<p>Suflanta turbo f\u0103r\u0103 fir este un dispozitiv puternic \u0219i multifunc\u021bional pentru cur\u0103\u021bare, uscare \u0219i umflare. Ideal\u0103 pentru ma\u0219in\u0103, electronice, cas\u0103 \u0219i utilizare \u00een aer liber. Compact\u0103, dar extrem de eficient\u0103 \u2013 \u00ee\u021bi face sarcinile zilnice mai u\u0219oare \u0219i rapide.<\/p>\n","protected":false},"featured_media":22478,"comment_status":"closed","ping_status":"closed","template":"","meta":{"inline_featured_image":false},"product_brand":[],"product_cat":[27,15],"product_tag":[],"class_list":{"0":"post-22466","1":"product","2":"type-product","3":"status-publish","4":"has-post-thumbnail","6":"product_cat-home","7":"product_cat-uncategorized","9":"first","10":"instock","11":"sale","12":"taxable","13":"shipping-taxable","14":"purchasable","15":"product-type-simple"},"acf":[],"_links":{"self":[{"href":"https:\/\/linoexpress.com\/ro\/wp-json\/wp\/v2\/product\/22466","targetHints":{"allow":["GET"]}}],"collection":[{"href":"https:\/\/linoexpress.com\/ro\/wp-json\/wp\/v2\/product"}],"about":[{"href":"https:\/\/linoexpress.com\/ro\/wp-json\/wp\/v2\/types\/product"}],"replies":[{"embeddable":true,"href":"https:\/\/linoexpress.com\/ro\/wp-json\/wp\/v2\/comments?post=22466"}],"wp:featuredmedia":[{"embeddable":true,"href":"https:\/\/linoexpress.com\/ro\/wp-json\/wp\/v2\/media\/22478"}],"wp:attachment":[{"href":"https:\/\/linoexpress.com\/ro\/wp-json\/wp\/v2\/media?parent=22466"}],"wp:term":[{"taxonomy":"product_brand","embeddable":true,"href":"https:\/\/linoexpress.com\/ro\/wp-json\/wp\/v2\/product_brand?post=22466"},{"taxonomy":"product_cat","embeddable":true,"href":"https:\/\/linoexpress.com\/ro\/wp-json\/wp\/v2\/product_cat?post=22466"},{"taxonomy":"product_tag","embeddable":true,"href":"https:\/\/linoexpress.com\/ro\/wp-json\/wp\/v2\/product_tag?post=22466"}],"curies":[{"name":"wp","href":"https:\/\/api.w.org\/{rel}","templated":true}]}}