{"id":22506,"date":"2025-06-25T01:04:30","date_gmt":"2025-06-24T23:04:30","guid":{"rendered":"https:\/\/linoexpress.com\/ro\/?post_type=product&#038;p=22506"},"modified":"2025-06-25T18:21:14","modified_gmt":"2025-06-25T16:21:14","slug":"oglinda-de-perete-din-acril","status":"publish","type":"product","link":"https:\/\/linoexpress.com\/ro\/produs\/oglinda-de-perete-din-acril\/","title":{"rendered":"Oglind\u0103 de perete din acril"},"content":{"rendered":"","protected":false},"excerpt":{"rendered":"<p data-start=\"267\" data-end=\"516\">Sigur\u0103, practic\u0103 \u0219i extrem de rezistent\u0103 \u2013 oglinda din acril este alegerea perfect\u0103 pentru orice locuin\u021b\u0103. Nu se sparge ca sticla \u0219i se monteaz\u0103 u\u0219or, f\u0103r\u0103 unelte. Excelent\u0103 pentru a m\u0103ri vizual spa\u021biul \u0219i pentru utilizare zilnic\u0103.<\/p>\n<p data-start=\"518\" data-end=\"571\">\n","protected":false},"featured_media":22513,"comment_status":"closed","ping_status":"closed","template":"","meta":{"inline_featured_image":false},"product_brand":[],"product_cat":[27,15],"product_tag":[],"class_list":{"0":"post-22506","1":"product","2":"type-product","3":"status-publish","4":"has-post-thumbnail","6":"product_cat-home","7":"product_cat-uncategorized","9":"first","10":"instock","11":"sale","12":"taxable","13":"shipping-taxable","14":"purchasable","15":"product-type-simple"},"acf":[],"_links":{"self":[{"href":"https:\/\/linoexpress.com\/ro\/wp-json\/wp\/v2\/product\/22506","targetHints":{"allow":["GET"]}}],"collection":[{"href":"https:\/\/linoexpress.com\/ro\/wp-json\/wp\/v2\/product"}],"about":[{"href":"https:\/\/linoexpress.com\/ro\/wp-json\/wp\/v2\/types\/product"}],"replies":[{"embeddable":true,"href":"https:\/\/linoexpress.com\/ro\/wp-json\/wp\/v2\/comments?post=22506"}],"wp:featuredmedia":[{"embeddable":true,"href":"https:\/\/linoexpress.com\/ro\/wp-json\/wp\/v2\/media\/22513"}],"wp:attachment":[{"href":"https:\/\/linoexpress.com\/ro\/wp-json\/wp\/v2\/media?parent=22506"}],"wp:term":[{"taxonomy":"product_brand","embeddable":true,"href":"https:\/\/linoexpress.com\/ro\/wp-json\/wp\/v2\/product_brand?post=22506"},{"taxonomy":"product_cat","embeddable":true,"href":"https:\/\/linoexpress.com\/ro\/wp-json\/wp\/v2\/product_cat?post=22506"},{"taxonomy":"product_tag","embeddable":true,"href":"https:\/\/linoexpress.com\/ro\/wp-json\/wp\/v2\/product_tag?post=22506"}],"curies":[{"name":"wp","href":"https:\/\/api.w.org\/{rel}","templated":true}]}}