{"id":22550,"date":"2025-06-26T01:10:43","date_gmt":"2025-06-25T23:10:43","guid":{"rendered":"https:\/\/linoexpress.com\/ro\/?post_type=product&#038;p=22550"},"modified":"2026-03-11T00:49:10","modified_gmt":"2026-03-10T23:49:10","slug":"cada-spa-portabila","status":"publish","type":"product","link":"https:\/\/linoexpress.com\/ro\/produs\/cada-spa-portabila\/","title":{"rendered":"Cad\u0103 spa portabil\u0103"},"content":{"rendered":"","protected":false},"excerpt":{"rendered":"<p>Cada mini portabil\u0103 este solu\u021bia ideal\u0103 pentru relaxare \u00een orice spa\u021biu \u2013 acas\u0103, \u00een c\u0103l\u0103torii sau chiar \u00een aer liber. Datorit\u0103 designului pliabil, ocup\u0103 un spa\u021biu minim \u0219i se transport\u0103 u\u0219or. Fabricat\u0103 din materiale sigure, confortabile \u0219i termoizolante, ofer\u0103 o experien\u021b\u0103 spa complet\u0103.<\/p>\n","protected":false},"featured_media":22562,"comment_status":"closed","ping_status":"closed","template":"","meta":{"inline_featured_image":false},"product_brand":[],"product_cat":[27,15],"product_tag":[],"class_list":{"0":"post-22550","1":"product","2":"type-product","3":"status-publish","4":"has-post-thumbnail","6":"product_cat-home","7":"product_cat-uncategorized","9":"first","10":"instock","11":"sale","12":"taxable","13":"shipping-taxable","14":"purchasable","15":"product-type-simple"},"acf":[],"_links":{"self":[{"href":"https:\/\/linoexpress.com\/ro\/wp-json\/wp\/v2\/product\/22550","targetHints":{"allow":["GET"]}}],"collection":[{"href":"https:\/\/linoexpress.com\/ro\/wp-json\/wp\/v2\/product"}],"about":[{"href":"https:\/\/linoexpress.com\/ro\/wp-json\/wp\/v2\/types\/product"}],"replies":[{"embeddable":true,"href":"https:\/\/linoexpress.com\/ro\/wp-json\/wp\/v2\/comments?post=22550"}],"wp:featuredmedia":[{"embeddable":true,"href":"https:\/\/linoexpress.com\/ro\/wp-json\/wp\/v2\/media\/22562"}],"wp:attachment":[{"href":"https:\/\/linoexpress.com\/ro\/wp-json\/wp\/v2\/media?parent=22550"}],"wp:term":[{"taxonomy":"product_brand","embeddable":true,"href":"https:\/\/linoexpress.com\/ro\/wp-json\/wp\/v2\/product_brand?post=22550"},{"taxonomy":"product_cat","embeddable":true,"href":"https:\/\/linoexpress.com\/ro\/wp-json\/wp\/v2\/product_cat?post=22550"},{"taxonomy":"product_tag","embeddable":true,"href":"https:\/\/linoexpress.com\/ro\/wp-json\/wp\/v2\/product_tag?post=22550"}],"curies":[{"name":"wp","href":"https:\/\/api.w.org\/{rel}","templated":true}]}}