{"id":22589,"date":"2025-06-27T15:17:54","date_gmt":"2025-06-27T13:17:54","guid":{"rendered":"https:\/\/linoexpress.com\/ro\/?post_type=product&#038;p=22589"},"modified":"2025-06-28T00:22:52","modified_gmt":"2025-06-27T22:22:52","slug":"copertina-automata-uv","status":"publish","type":"product","link":"https:\/\/linoexpress.com\/ro\/produs\/copertina-automata-uv\/","title":{"rendered":"Copertin\u0103 automat\u0103 UV"},"content":{"rendered":"","protected":false},"excerpt":{"rendered":"<p>Proteja\u021bi interiorul ma\u0219inii dvs. de soare \u0219i c\u0103ldur\u0103 cu o copertin\u0103 automat\u0103 pliabil\u0103 pentru parbriz. Se monteaz\u0103 rapid \u0219i se retrage dintr-o singur\u0103 mi\u0219care, f\u0103r\u0103 a afecta aspectul ma\u0219inii \u0219i economise\u0219te energie.<\/p>\n","protected":false},"featured_media":22599,"comment_status":"closed","ping_status":"closed","template":"","meta":{"inline_featured_image":false},"product_brand":[],"product_cat":[25,15],"product_tag":[],"class_list":{"0":"post-22589","1":"product","2":"type-product","3":"status-publish","4":"has-post-thumbnail","6":"product_cat-car","7":"product_cat-uncategorized","9":"first","10":"instock","11":"sale","12":"taxable","13":"shipping-taxable","14":"purchasable","15":"product-type-simple"},"acf":[],"_links":{"self":[{"href":"https:\/\/linoexpress.com\/ro\/wp-json\/wp\/v2\/product\/22589","targetHints":{"allow":["GET"]}}],"collection":[{"href":"https:\/\/linoexpress.com\/ro\/wp-json\/wp\/v2\/product"}],"about":[{"href":"https:\/\/linoexpress.com\/ro\/wp-json\/wp\/v2\/types\/product"}],"replies":[{"embeddable":true,"href":"https:\/\/linoexpress.com\/ro\/wp-json\/wp\/v2\/comments?post=22589"}],"wp:featuredmedia":[{"embeddable":true,"href":"https:\/\/linoexpress.com\/ro\/wp-json\/wp\/v2\/media\/22599"}],"wp:attachment":[{"href":"https:\/\/linoexpress.com\/ro\/wp-json\/wp\/v2\/media?parent=22589"}],"wp:term":[{"taxonomy":"product_brand","embeddable":true,"href":"https:\/\/linoexpress.com\/ro\/wp-json\/wp\/v2\/product_brand?post=22589"},{"taxonomy":"product_cat","embeddable":true,"href":"https:\/\/linoexpress.com\/ro\/wp-json\/wp\/v2\/product_cat?post=22589"},{"taxonomy":"product_tag","embeddable":true,"href":"https:\/\/linoexpress.com\/ro\/wp-json\/wp\/v2\/product_tag?post=22589"}],"curies":[{"name":"wp","href":"https:\/\/api.w.org\/{rel}","templated":true}]}}