{"id":23012,"date":"2025-07-24T21:18:58","date_gmt":"2025-07-24T19:18:58","guid":{"rendered":"https:\/\/linoexpress.com\/ro\/?post_type=product&#038;p=23012"},"modified":"2025-07-24T23:36:39","modified_gmt":"2025-07-24T21:36:39","slug":"cos-rotativ-pentru-gratar","status":"publish","type":"product","link":"https:\/\/linoexpress.com\/ro\/produs\/cos-rotativ-pentru-gratar\/","title":{"rendered":"Co\u0219 rotativ pentru gr\u0103tar"},"content":{"rendered":"","protected":false},"excerpt":{"rendered":"<p>Co\u0219 practic \u0219i inovator pentru coacere care rote\u0219te uniform alimentele pentru un gust perfect. Ideal pentru legume, carne \u0219i nuci. Economise\u0219te timp, spa\u021biu \u0219i permite o experien\u021b\u0103 complet\u0103 de gr\u0103tar.<\/p>\n","protected":false},"featured_media":23026,"comment_status":"closed","ping_status":"closed","template":"","meta":{"inline_featured_image":false},"product_brand":[],"product_cat":[25,15],"product_tag":[],"class_list":{"0":"post-23012","1":"product","2":"type-product","3":"status-publish","4":"has-post-thumbnail","6":"product_cat-car","7":"product_cat-uncategorized","9":"first","10":"instock","11":"sale","12":"taxable","13":"shipping-taxable","14":"purchasable","15":"product-type-simple"},"acf":[],"_links":{"self":[{"href":"https:\/\/linoexpress.com\/ro\/wp-json\/wp\/v2\/product\/23012","targetHints":{"allow":["GET"]}}],"collection":[{"href":"https:\/\/linoexpress.com\/ro\/wp-json\/wp\/v2\/product"}],"about":[{"href":"https:\/\/linoexpress.com\/ro\/wp-json\/wp\/v2\/types\/product"}],"replies":[{"embeddable":true,"href":"https:\/\/linoexpress.com\/ro\/wp-json\/wp\/v2\/comments?post=23012"}],"wp:featuredmedia":[{"embeddable":true,"href":"https:\/\/linoexpress.com\/ro\/wp-json\/wp\/v2\/media\/23026"}],"wp:attachment":[{"href":"https:\/\/linoexpress.com\/ro\/wp-json\/wp\/v2\/media?parent=23012"}],"wp:term":[{"taxonomy":"product_brand","embeddable":true,"href":"https:\/\/linoexpress.com\/ro\/wp-json\/wp\/v2\/product_brand?post=23012"},{"taxonomy":"product_cat","embeddable":true,"href":"https:\/\/linoexpress.com\/ro\/wp-json\/wp\/v2\/product_cat?post=23012"},{"taxonomy":"product_tag","embeddable":true,"href":"https:\/\/linoexpress.com\/ro\/wp-json\/wp\/v2\/product_tag?post=23012"}],"curies":[{"name":"wp","href":"https:\/\/api.w.org\/{rel}","templated":true}]}}