{"id":23307,"date":"2025-08-26T12:06:17","date_gmt":"2025-08-26T10:06:17","guid":{"rendered":"https:\/\/linoexpress.com\/ro\/?post_type=product&#038;p=23307"},"modified":"2025-08-26T14:15:17","modified_gmt":"2025-08-26T12:15:17","slug":"minge-silentioasa-pentru-joaca-infinita-silent-basketball","status":"publish","type":"product","link":"https:\/\/linoexpress.com\/ro\/produs\/minge-silentioasa-pentru-joaca-infinita-silent-basketball\/","title":{"rendered":"Minge silen\u021bioas\u0103 pentru joac\u0103 infinit\u0103 \u2013 Silent Basketball"},"content":{"rendered":"","protected":false},"excerpt":{"rendered":"<p>Imagineaz\u0103-\u021bi o minge de baschet care nu face zgomot, nu deterioreaz\u0103 mobila \u0219i este sigur\u0103 pentru joc \u00een cas\u0103. Exact asta ofer\u0103 Silent Basketball \u2013 u\u0219oar\u0103 \u0219i elastic\u0103, creat\u0103 pentru ore \u00eentregi de distrac\u021bie.<br data-start=\"367\" data-end=\"370\" \/>F\u0103r\u0103 pompare, f\u0103r\u0103 limite, doar joac\u0103 pur\u0103!<\/p>\n","protected":false},"featured_media":23311,"comment_status":"closed","ping_status":"closed","template":"","meta":{"inline_featured_image":false},"product_brand":[],"product_cat":[25,15],"product_tag":[],"class_list":{"0":"post-23307","1":"product","2":"type-product","3":"status-publish","4":"has-post-thumbnail","6":"product_cat-car","7":"product_cat-uncategorized","9":"first","10":"instock","11":"sale","12":"taxable","13":"shipping-taxable","14":"purchasable","15":"product-type-simple"},"acf":[],"_links":{"self":[{"href":"https:\/\/linoexpress.com\/ro\/wp-json\/wp\/v2\/product\/23307","targetHints":{"allow":["GET"]}}],"collection":[{"href":"https:\/\/linoexpress.com\/ro\/wp-json\/wp\/v2\/product"}],"about":[{"href":"https:\/\/linoexpress.com\/ro\/wp-json\/wp\/v2\/types\/product"}],"replies":[{"embeddable":true,"href":"https:\/\/linoexpress.com\/ro\/wp-json\/wp\/v2\/comments?post=23307"}],"wp:featuredmedia":[{"embeddable":true,"href":"https:\/\/linoexpress.com\/ro\/wp-json\/wp\/v2\/media\/23311"}],"wp:attachment":[{"href":"https:\/\/linoexpress.com\/ro\/wp-json\/wp\/v2\/media?parent=23307"}],"wp:term":[{"taxonomy":"product_brand","embeddable":true,"href":"https:\/\/linoexpress.com\/ro\/wp-json\/wp\/v2\/product_brand?post=23307"},{"taxonomy":"product_cat","embeddable":true,"href":"https:\/\/linoexpress.com\/ro\/wp-json\/wp\/v2\/product_cat?post=23307"},{"taxonomy":"product_tag","embeddable":true,"href":"https:\/\/linoexpress.com\/ro\/wp-json\/wp\/v2\/product_tag?post=23307"}],"curies":[{"name":"wp","href":"https:\/\/api.w.org\/{rel}","templated":true}]}}