{"id":23676,"date":"2025-10-17T16:24:41","date_gmt":"2025-10-17T14:24:41","guid":{"rendered":"https:\/\/linoexpress.com\/ro\/?post_type=product&#038;p=23676"},"modified":"2026-03-11T00:51:09","modified_gmt":"2026-03-10T23:51:09","slug":"jucarie-de-plus-emotionala-kuschelkoala","status":"publish","type":"product","link":"https:\/\/linoexpress.com\/ro\/produs\/jucarie-de-plus-emotionala-kuschelkoala\/","title":{"rendered":"Juc\u0103rie de plu\u0219 emo\u021bional\u0103 &#8211; KuschelKoala"},"content":{"rendered":"","protected":false},"excerpt":{"rendered":"<p>KuschelKoala este mai mult dec\u00e2t o simpl\u0103 juc\u0103rie de plu\u0219 \u2013 este un mic companion emo\u021bional. Textura sa moale \u0219i pl\u0103cut\u0103 ofer\u0103 un sentiment de siguran\u021b\u0103, calmeaz\u0103 stresul \u0219i singur\u0103tatea \u0219i stimuleaz\u0103 eliberarea hormonului fericirii \u2013 oxitocina. Ideal pentru copii \u0219i adul\u021bi, acas\u0103, \u00een c\u0103l\u0103torii sau ca surs\u0103 constant\u0103 de alinare.<\/p>\n","protected":false},"featured_media":23678,"comment_status":"closed","ping_status":"closed","template":"","meta":{"inline_featured_image":false},"product_brand":[],"product_cat":[27,15,35],"product_tag":[],"class_list":{"0":"post-23676","1":"product","2":"type-product","3":"status-publish","4":"has-post-thumbnail","6":"product_cat-home","7":"product_cat-uncategorized","8":"product_cat-fun","10":"first","11":"instock","12":"sale","13":"taxable","14":"shipping-taxable","15":"purchasable","16":"product-type-simple"},"acf":[],"_links":{"self":[{"href":"https:\/\/linoexpress.com\/ro\/wp-json\/wp\/v2\/product\/23676","targetHints":{"allow":["GET"]}}],"collection":[{"href":"https:\/\/linoexpress.com\/ro\/wp-json\/wp\/v2\/product"}],"about":[{"href":"https:\/\/linoexpress.com\/ro\/wp-json\/wp\/v2\/types\/product"}],"replies":[{"embeddable":true,"href":"https:\/\/linoexpress.com\/ro\/wp-json\/wp\/v2\/comments?post=23676"}],"wp:featuredmedia":[{"embeddable":true,"href":"https:\/\/linoexpress.com\/ro\/wp-json\/wp\/v2\/media\/23678"}],"wp:attachment":[{"href":"https:\/\/linoexpress.com\/ro\/wp-json\/wp\/v2\/media?parent=23676"}],"wp:term":[{"taxonomy":"product_brand","embeddable":true,"href":"https:\/\/linoexpress.com\/ro\/wp-json\/wp\/v2\/product_brand?post=23676"},{"taxonomy":"product_cat","embeddable":true,"href":"https:\/\/linoexpress.com\/ro\/wp-json\/wp\/v2\/product_cat?post=23676"},{"taxonomy":"product_tag","embeddable":true,"href":"https:\/\/linoexpress.com\/ro\/wp-json\/wp\/v2\/product_tag?post=23676"}],"curies":[{"name":"wp","href":"https:\/\/api.w.org\/{rel}","templated":true}]}}