{"id":23705,"date":"2025-10-20T09:29:36","date_gmt":"2025-10-20T07:29:36","guid":{"rendered":"https:\/\/linoexpress.com\/ro\/?post_type=product&#038;p=23705"},"modified":"2026-03-11T00:51:49","modified_gmt":"2026-03-10T23:51:49","slug":"carte-sonora-pentru-invatarea-limbii-engleze","status":"publish","type":"product","link":"https:\/\/linoexpress.com\/ro\/produs\/carte-sonora-pentru-invatarea-limbii-engleze\/","title":{"rendered":"Carte sonor\u0103 pentru \u00eenv\u0103\u021barea limbii engleze"},"content":{"rendered":"","protected":false},"excerpt":{"rendered":"<p>Cartea interactiv\u0103 cu sunete \u00eei ajut\u0103 pe copii s\u0103 \u00eenve\u021be peste 470 de cuvinte \u00een limba englez\u0103 prin 21 de teme, quiz-uri \u0219i c\u00e2ntecele. Ideal\u0103 pentru utilizare acas\u0103, la gr\u0103dini\u021b\u0103, la \u0219coal\u0103 sau ca dar educativ. Combin\u0103 distrac\u021bia cu \u00eenv\u0103\u021barea, \u00eencuraj\u00e2nd copiii s\u0103 exploreze \u0219i s\u0103 vorbeasc\u0103 independent.<\/p>\n","protected":false},"featured_media":23663,"comment_status":"closed","ping_status":"closed","template":"","meta":{"inline_featured_image":false},"product_brand":[],"product_cat":[25,15],"product_tag":[],"class_list":{"0":"post-23705","1":"product","2":"type-product","3":"status-publish","4":"has-post-thumbnail","6":"product_cat-car","7":"product_cat-uncategorized","9":"first","10":"instock","11":"sale","12":"taxable","13":"shipping-taxable","14":"purchasable","15":"product-type-simple"},"acf":[],"_links":{"self":[{"href":"https:\/\/linoexpress.com\/ro\/wp-json\/wp\/v2\/product\/23705","targetHints":{"allow":["GET"]}}],"collection":[{"href":"https:\/\/linoexpress.com\/ro\/wp-json\/wp\/v2\/product"}],"about":[{"href":"https:\/\/linoexpress.com\/ro\/wp-json\/wp\/v2\/types\/product"}],"replies":[{"embeddable":true,"href":"https:\/\/linoexpress.com\/ro\/wp-json\/wp\/v2\/comments?post=23705"}],"wp:featuredmedia":[{"embeddable":true,"href":"https:\/\/linoexpress.com\/ro\/wp-json\/wp\/v2\/media\/23663"}],"wp:attachment":[{"href":"https:\/\/linoexpress.com\/ro\/wp-json\/wp\/v2\/media?parent=23705"}],"wp:term":[{"taxonomy":"product_brand","embeddable":true,"href":"https:\/\/linoexpress.com\/ro\/wp-json\/wp\/v2\/product_brand?post=23705"},{"taxonomy":"product_cat","embeddable":true,"href":"https:\/\/linoexpress.com\/ro\/wp-json\/wp\/v2\/product_cat?post=23705"},{"taxonomy":"product_tag","embeddable":true,"href":"https:\/\/linoexpress.com\/ro\/wp-json\/wp\/v2\/product_tag?post=23705"}],"curies":[{"name":"wp","href":"https:\/\/api.w.org\/{rel}","templated":true}]}}