{"id":23712,"date":"2025-10-20T23:39:37","date_gmt":"2025-10-20T21:39:37","guid":{"rendered":"https:\/\/linoexpress.com\/ro\/?post_type=product&#038;p=23712"},"modified":"2026-03-11T00:52:03","modified_gmt":"2026-03-10T23:52:03","slug":"banda-de-asistenta-pentru-tractiuni-fitband-pro","status":"publish","type":"product","link":"https:\/\/linoexpress.com\/ro\/produs\/banda-de-asistenta-pentru-tractiuni-fitband-pro\/","title":{"rendered":"Band\u0103 de asisten\u021b\u0103 pentru trac\u021biuni \u2013 FitBand Pro"},"content":{"rendered":"","protected":false},"excerpt":{"rendered":"<p>\u00cembun\u0103t\u0103\u021be\u0219te-\u021bi antrenamentul acas\u0103 cu banda pentru trac\u021biuni care ofer\u0103 stabilitate, siguran\u021b\u0103 \u0219i eficien\u021b\u0103 la fiecare mi\u0219care. F\u0103r\u0103 partener de antrenament \u0219i f\u0103r\u0103 \u00eenc\u0103rcare inutil\u0103 \u2013 doar tu, for\u021ba ta \u0219i un instrument inteligent de antrenament. Perfect\u0103 at\u00e2t pentru \u00eencep\u0103tori, c\u00e2t \u0219i pentru sportivii avansa\u021bi care doresc s\u0103 \u00ee\u0219i \u00eent\u0103reasc\u0103 partea superioar\u0103 a corpului \u0219i s\u0103 \u00ee\u0219i perfec\u021bioneze tehnica trac\u021biunilor.<\/p>\n","protected":false},"featured_media":23716,"comment_status":"closed","ping_status":"closed","template":"","meta":{"inline_featured_image":false},"product_brand":[],"product_cat":[27,15,35,26],"product_tag":[],"class_list":{"0":"post-23712","1":"product","2":"type-product","3":"status-publish","4":"has-post-thumbnail","6":"product_cat-home","7":"product_cat-uncategorized","8":"product_cat-fun","9":"product_cat-health","11":"first","12":"instock","13":"sale","14":"taxable","15":"shipping-taxable","16":"purchasable","17":"product-type-simple"},"acf":[],"_links":{"self":[{"href":"https:\/\/linoexpress.com\/ro\/wp-json\/wp\/v2\/product\/23712","targetHints":{"allow":["GET"]}}],"collection":[{"href":"https:\/\/linoexpress.com\/ro\/wp-json\/wp\/v2\/product"}],"about":[{"href":"https:\/\/linoexpress.com\/ro\/wp-json\/wp\/v2\/types\/product"}],"replies":[{"embeddable":true,"href":"https:\/\/linoexpress.com\/ro\/wp-json\/wp\/v2\/comments?post=23712"}],"wp:featuredmedia":[{"embeddable":true,"href":"https:\/\/linoexpress.com\/ro\/wp-json\/wp\/v2\/media\/23716"}],"wp:attachment":[{"href":"https:\/\/linoexpress.com\/ro\/wp-json\/wp\/v2\/media?parent=23712"}],"wp:term":[{"taxonomy":"product_brand","embeddable":true,"href":"https:\/\/linoexpress.com\/ro\/wp-json\/wp\/v2\/product_brand?post=23712"},{"taxonomy":"product_cat","embeddable":true,"href":"https:\/\/linoexpress.com\/ro\/wp-json\/wp\/v2\/product_cat?post=23712"},{"taxonomy":"product_tag","embeddable":true,"href":"https:\/\/linoexpress.com\/ro\/wp-json\/wp\/v2\/product_tag?post=23712"}],"curies":[{"name":"wp","href":"https:\/\/api.w.org\/{rel}","templated":true}]}}