{"id":23739,"date":"2025-10-22T23:27:38","date_gmt":"2025-10-22T21:27:38","guid":{"rendered":"https:\/\/linoexpress.com\/ro\/?post_type=product&#038;p=23739"},"modified":"2025-10-23T09:41:03","modified_gmt":"2025-10-23T07:41:03","slug":"set-de-box-pentru-copii","status":"publish","type":"product","link":"https:\/\/linoexpress.com\/ro\/produs\/set-de-box-pentru-copii\/","title":{"rendered":"Set de box pentru copii"},"content":{"rendered":"","protected":false},"excerpt":{"rendered":"<p>O modalitate distractiv\u0103 \u0219i sigur\u0103 pentru copii de a consuma excesul de energie, de a dezvolta condi\u021bia fizic\u0103 \u0219i coordonarea! Acest set \u00eencurajeaz\u0103 dragostea pentru sport, ajut\u0103 la construirea obiceiurilor s\u0103n\u0103toase \u0219i la reducerea stresului la cei mici. Construc\u021bia de calitate \u0219i sigur\u0103 garanteaz\u0103 o utilizare \u00eendelungat\u0103 \u0219i sigur\u0103.<\/p>\n","protected":false},"featured_media":23745,"comment_status":"closed","ping_status":"closed","template":"","meta":{"inline_featured_image":false},"product_brand":[],"product_cat":[25,15],"product_tag":[],"class_list":{"0":"post-23739","1":"product","2":"type-product","3":"status-publish","4":"has-post-thumbnail","6":"product_cat-car","7":"product_cat-uncategorized","9":"first","10":"instock","11":"sale","12":"taxable","13":"shipping-taxable","14":"purchasable","15":"product-type-simple"},"acf":[],"_links":{"self":[{"href":"https:\/\/linoexpress.com\/ro\/wp-json\/wp\/v2\/product\/23739","targetHints":{"allow":["GET"]}}],"collection":[{"href":"https:\/\/linoexpress.com\/ro\/wp-json\/wp\/v2\/product"}],"about":[{"href":"https:\/\/linoexpress.com\/ro\/wp-json\/wp\/v2\/types\/product"}],"replies":[{"embeddable":true,"href":"https:\/\/linoexpress.com\/ro\/wp-json\/wp\/v2\/comments?post=23739"}],"wp:featuredmedia":[{"embeddable":true,"href":"https:\/\/linoexpress.com\/ro\/wp-json\/wp\/v2\/media\/23745"}],"wp:attachment":[{"href":"https:\/\/linoexpress.com\/ro\/wp-json\/wp\/v2\/media?parent=23739"}],"wp:term":[{"taxonomy":"product_brand","embeddable":true,"href":"https:\/\/linoexpress.com\/ro\/wp-json\/wp\/v2\/product_brand?post=23739"},{"taxonomy":"product_cat","embeddable":true,"href":"https:\/\/linoexpress.com\/ro\/wp-json\/wp\/v2\/product_cat?post=23739"},{"taxonomy":"product_tag","embeddable":true,"href":"https:\/\/linoexpress.com\/ro\/wp-json\/wp\/v2\/product_tag?post=23739"}],"curies":[{"name":"wp","href":"https:\/\/api.w.org\/{rel}","templated":true}]}}