{"id":23797,"date":"2025-11-04T11:13:34","date_gmt":"2025-11-04T10:13:34","guid":{"rendered":"https:\/\/linoexpress.com\/ro\/?post_type=product&#038;p=23797"},"modified":"2026-03-11T00:52:14","modified_gmt":"2026-03-10T23:52:14","slug":"caine-robot-de-plus","status":"publish","type":"product","link":"https:\/\/linoexpress.com\/ro\/produs\/caine-robot-de-plus\/","title":{"rendered":"C\u00e2ine robot de plu\u0219"},"content":{"rendered":"","protected":false},"excerpt":{"rendered":"<p>Acest adorabil c\u00e2ine robot de plu\u0219 aduce bucurie, c\u0103ldur\u0103 \u0219i z\u00e2mbete fiec\u0103rui copil.<br data-start=\"306\" data-end=\"309\" \/>Este partenerul perfect pentru joac\u0103, \u00eembr\u0103\u021bi\u0219\u0103ri \u0219i somn lini\u0219tit \u2013 exact ca un animal de companie adev\u0103rat.<br data-start=\"418\" data-end=\"421\" \/>Fabricat dintr-un material moale \u0219i sigur, cu func\u021bii interactive care dau via\u021b\u0103 jocului \u0219i creeaz\u0103 momente de neuitat.<\/p>\n","protected":false},"featured_media":23802,"comment_status":"closed","ping_status":"closed","template":"","meta":{"inline_featured_image":false},"product_brand":[],"product_cat":[25,15],"product_tag":[],"class_list":{"0":"post-23797","1":"product","2":"type-product","3":"status-publish","4":"has-post-thumbnail","6":"product_cat-car","7":"product_cat-uncategorized","9":"first","10":"instock","11":"sale","12":"taxable","13":"shipping-taxable","14":"purchasable","15":"product-type-simple"},"acf":[],"_links":{"self":[{"href":"https:\/\/linoexpress.com\/ro\/wp-json\/wp\/v2\/product\/23797","targetHints":{"allow":["GET"]}}],"collection":[{"href":"https:\/\/linoexpress.com\/ro\/wp-json\/wp\/v2\/product"}],"about":[{"href":"https:\/\/linoexpress.com\/ro\/wp-json\/wp\/v2\/types\/product"}],"replies":[{"embeddable":true,"href":"https:\/\/linoexpress.com\/ro\/wp-json\/wp\/v2\/comments?post=23797"}],"wp:featuredmedia":[{"embeddable":true,"href":"https:\/\/linoexpress.com\/ro\/wp-json\/wp\/v2\/media\/23802"}],"wp:attachment":[{"href":"https:\/\/linoexpress.com\/ro\/wp-json\/wp\/v2\/media?parent=23797"}],"wp:term":[{"taxonomy":"product_brand","embeddable":true,"href":"https:\/\/linoexpress.com\/ro\/wp-json\/wp\/v2\/product_brand?post=23797"},{"taxonomy":"product_cat","embeddable":true,"href":"https:\/\/linoexpress.com\/ro\/wp-json\/wp\/v2\/product_cat?post=23797"},{"taxonomy":"product_tag","embeddable":true,"href":"https:\/\/linoexpress.com\/ro\/wp-json\/wp\/v2\/product_tag?post=23797"}],"curies":[{"name":"wp","href":"https:\/\/api.w.org\/{rel}","templated":true}]}}