{"id":23817,"date":"2025-11-05T19:35:42","date_gmt":"2025-11-05T18:35:42","guid":{"rendered":"https:\/\/linoexpress.com\/ro\/produs\/tracne-product\/"},"modified":"2026-03-10T17:41:40","modified_gmt":"2026-03-10T16:41:40","slug":"extensor-portabil-pentru-gat","status":"publish","type":"product","link":"https:\/\/linoexpress.com\/ro\/produs\/extensor-portabil-pentru-gat\/","title":{"rendered":"Extensor portabil pentru g\u00e2t"},"content":{"rendered":"","protected":false},"excerpt":{"rendered":"<p>Spune\u021bi adio rigidit\u0103\u021bii \u0219i tensiunii din g\u00e2t cu acest \u00eentinz\u0103tor de g\u00e2t portabil pe care \u00eel pute\u021bi folosi oric\u00e2nd \u0219i oriunde. Este ideal pentru recuperare dup\u0103 o zi lung\u0103 de lucru la calculator, activitate fizic\u0103 sau o zi obositoare. Ofer\u0103 \u00eentindere profesional\u0103 \u0219i u\u0219urare a mu\u0219chilor g\u00e2tului \u0219i umerilor \u2013 toate acestea \u00een confortul casei dumneavoastr\u0103.<\/p>\n","protected":false},"featured_media":23818,"comment_status":"closed","ping_status":"closed","template":"","meta":{"inline_featured_image":false},"product_brand":[],"product_cat":[27,15,35,26],"product_tag":[],"class_list":{"0":"post-23817","1":"product","2":"type-product","3":"status-publish","4":"has-post-thumbnail","6":"product_cat-home","7":"product_cat-uncategorized","8":"product_cat-fun","9":"product_cat-health","11":"first","12":"instock","13":"sale","14":"taxable","15":"shipping-taxable","16":"purchasable","17":"product-type-simple"},"acf":[],"_links":{"self":[{"href":"https:\/\/linoexpress.com\/ro\/wp-json\/wp\/v2\/product\/23817","targetHints":{"allow":["GET"]}}],"collection":[{"href":"https:\/\/linoexpress.com\/ro\/wp-json\/wp\/v2\/product"}],"about":[{"href":"https:\/\/linoexpress.com\/ro\/wp-json\/wp\/v2\/types\/product"}],"replies":[{"embeddable":true,"href":"https:\/\/linoexpress.com\/ro\/wp-json\/wp\/v2\/comments?post=23817"}],"wp:featuredmedia":[{"embeddable":true,"href":"https:\/\/linoexpress.com\/ro\/wp-json\/wp\/v2\/media\/23818"}],"wp:attachment":[{"href":"https:\/\/linoexpress.com\/ro\/wp-json\/wp\/v2\/media?parent=23817"}],"wp:term":[{"taxonomy":"product_brand","embeddable":true,"href":"https:\/\/linoexpress.com\/ro\/wp-json\/wp\/v2\/product_brand?post=23817"},{"taxonomy":"product_cat","embeddable":true,"href":"https:\/\/linoexpress.com\/ro\/wp-json\/wp\/v2\/product_cat?post=23817"},{"taxonomy":"product_tag","embeddable":true,"href":"https:\/\/linoexpress.com\/ro\/wp-json\/wp\/v2\/product_tag?post=23817"}],"curies":[{"name":"wp","href":"https:\/\/api.w.org\/{rel}","templated":true}]}}