{"id":23831,"date":"2025-11-06T01:38:40","date_gmt":"2025-11-06T00:38:40","guid":{"rendered":"https:\/\/linoexpress.com\/ro\/produs\/pandy-product\/"},"modified":"2026-03-26T14:20:22","modified_gmt":"2026-03-26T13:20:22","slug":"panda-terapeutica-de-plus-dragastoasa","status":"publish","type":"product","link":"https:\/\/linoexpress.com\/ro\/produs\/panda-terapeutica-de-plus-dragastoasa\/","title":{"rendered":"Panda terapeutic\u0103 de plu\u0219 dr\u0103g\u0103stoas\u0103"},"content":{"rendered":"","protected":false},"excerpt":{"rendered":"<p>Panda terapeutic\u0103 de plu\u0219 dr\u0103g\u0103la\u0219\u0103 este creat\u0103 pentru a oferi confort, siguran\u021b\u0103 \u0219i lini\u0219te oricui are nevoie de un moment de bl\u00e2nde\u021be.<br \/>\nDatorit\u0103 designului special cu mi\u0219c\u0103ri delicate \u0219i greutate pl\u0103cut\u0103, acest panda imit\u0103 senza\u021bia unei \u00eembr\u0103\u021bi\u0219\u0103ri reale \u0219i \u00eencurajeaz\u0103 relaxarea profund\u0103 a corpului \u0219i min\u021bii.<\/p>\n","protected":false},"featured_media":23832,"comment_status":"closed","ping_status":"closed","template":"","meta":{"inline_featured_image":false},"product_brand":[],"product_cat":[27,15,35,26],"product_tag":[],"class_list":{"0":"post-23831","1":"product","2":"type-product","3":"status-publish","4":"has-post-thumbnail","6":"product_cat-home","7":"product_cat-uncategorized","8":"product_cat-fun","9":"product_cat-health","11":"first","12":"instock","13":"sale","14":"taxable","15":"shipping-taxable","16":"purchasable","17":"product-type-simple"},"acf":[],"_links":{"self":[{"href":"https:\/\/linoexpress.com\/ro\/wp-json\/wp\/v2\/product\/23831","targetHints":{"allow":["GET"]}}],"collection":[{"href":"https:\/\/linoexpress.com\/ro\/wp-json\/wp\/v2\/product"}],"about":[{"href":"https:\/\/linoexpress.com\/ro\/wp-json\/wp\/v2\/types\/product"}],"replies":[{"embeddable":true,"href":"https:\/\/linoexpress.com\/ro\/wp-json\/wp\/v2\/comments?post=23831"}],"wp:featuredmedia":[{"embeddable":true,"href":"https:\/\/linoexpress.com\/ro\/wp-json\/wp\/v2\/media\/23832"}],"wp:attachment":[{"href":"https:\/\/linoexpress.com\/ro\/wp-json\/wp\/v2\/media?parent=23831"}],"wp:term":[{"taxonomy":"product_brand","embeddable":true,"href":"https:\/\/linoexpress.com\/ro\/wp-json\/wp\/v2\/product_brand?post=23831"},{"taxonomy":"product_cat","embeddable":true,"href":"https:\/\/linoexpress.com\/ro\/wp-json\/wp\/v2\/product_cat?post=23831"},{"taxonomy":"product_tag","embeddable":true,"href":"https:\/\/linoexpress.com\/ro\/wp-json\/wp\/v2\/product_tag?post=23831"}],"curies":[{"name":"wp","href":"https:\/\/api.w.org\/{rel}","templated":true}]}}