{"id":23846,"date":"2025-11-06T17:41:48","date_gmt":"2025-11-06T16:41:48","guid":{"rendered":"https:\/\/linoexpress.com\/ro\/produs\/musictrvo-product\/"},"modified":"2025-11-06T18:03:46","modified_gmt":"2025-11-06T17:03:46","slug":"cutie-muzicala-trenul-de-craciun","status":"publish","type":"product","link":"https:\/\/linoexpress.com\/ro\/produs\/cutie-muzicala-trenul-de-craciun\/","title":{"rendered":"Cutie muzical\u0103 Trenul de Cr\u0103ciun"},"content":{"rendered":"","protected":false},"excerpt":{"rendered":"<p>Designul retro al trenului cu motive de Cr\u0103ciun \u00eenc\u00e2nt\u0103toare \u0219i muzic\u0103 de s\u0103rb\u0103toare creeaz\u0103 o atmosfer\u0103 cald\u0103 \u0219i de basm \u00een fiecare cas\u0103. Aceast\u0103 decora\u021biune elegant\u0103 cu Mo\u0219 Cr\u0103ciun, cadouri \u0219i efect de glob de z\u0103pad\u0103 este alegerea perfect\u0103 pentru masa de s\u0103rb\u0103toare, \u0219emineu sau raft.<\/p>\n","protected":false},"featured_media":23847,"comment_status":"closed","ping_status":"closed","template":"","meta":{"inline_featured_image":false},"product_brand":[],"product_cat":[27,24,15,35],"product_tag":[],"class_list":{"0":"post-23846","1":"product","2":"type-product","3":"status-publish","4":"has-post-thumbnail","6":"product_cat-home","7":"product_cat-sale","8":"product_cat-uncategorized","9":"product_cat-fun","11":"first","12":"instock","13":"sale","14":"taxable","15":"shipping-taxable","16":"purchasable","17":"product-type-simple"},"acf":[],"_links":{"self":[{"href":"https:\/\/linoexpress.com\/ro\/wp-json\/wp\/v2\/product\/23846","targetHints":{"allow":["GET"]}}],"collection":[{"href":"https:\/\/linoexpress.com\/ro\/wp-json\/wp\/v2\/product"}],"about":[{"href":"https:\/\/linoexpress.com\/ro\/wp-json\/wp\/v2\/types\/product"}],"replies":[{"embeddable":true,"href":"https:\/\/linoexpress.com\/ro\/wp-json\/wp\/v2\/comments?post=23846"}],"wp:featuredmedia":[{"embeddable":true,"href":"https:\/\/linoexpress.com\/ro\/wp-json\/wp\/v2\/media\/23847"}],"wp:attachment":[{"href":"https:\/\/linoexpress.com\/ro\/wp-json\/wp\/v2\/media?parent=23846"}],"wp:term":[{"taxonomy":"product_brand","embeddable":true,"href":"https:\/\/linoexpress.com\/ro\/wp-json\/wp\/v2\/product_brand?post=23846"},{"taxonomy":"product_cat","embeddable":true,"href":"https:\/\/linoexpress.com\/ro\/wp-json\/wp\/v2\/product_cat?post=23846"},{"taxonomy":"product_tag","embeddable":true,"href":"https:\/\/linoexpress.com\/ro\/wp-json\/wp\/v2\/product_tag?post=23846"}],"curies":[{"name":"wp","href":"https:\/\/api.w.org\/{rel}","templated":true}]}}