{"id":23863,"date":"2025-11-06T22:27:17","date_gmt":"2025-11-06T21:27:17","guid":{"rendered":"https:\/\/linoexpress.com\/ro\/produs\/dino-product\/"},"modified":"2026-03-11T00:52:36","modified_gmt":"2026-03-10T23:52:36","slug":"dinozaur-gonflabil-pentru-copii","status":"publish","type":"product","link":"https:\/\/linoexpress.com\/ro\/produs\/dinozaur-gonflabil-pentru-copii\/","title":{"rendered":"Dinozaur gonflabil pentru copii"},"content":{"rendered":"","protected":false},"excerpt":{"rendered":"<p>Transforma\u021bi jocul \u00eentr-o adev\u0103rat\u0103 aventur\u0103 jurasic\u0103.<br \/>\nDesign realist al dinozaurului cu detalii ro\u0219u-negru.<br \/>\nOchii LED ofer\u0103 un efect spectaculos noaptea.<\/p>\n","protected":false},"featured_media":23864,"comment_status":"closed","ping_status":"closed","template":"","meta":{"inline_featured_image":false},"product_brand":[],"product_cat":[27,15,35],"product_tag":[],"class_list":{"0":"post-23863","1":"product","2":"type-product","3":"status-publish","4":"has-post-thumbnail","6":"product_cat-home","7":"product_cat-uncategorized","8":"product_cat-fun","10":"first","11":"instock","12":"sale","13":"taxable","14":"shipping-taxable","15":"purchasable","16":"product-type-simple"},"acf":[],"_links":{"self":[{"href":"https:\/\/linoexpress.com\/ro\/wp-json\/wp\/v2\/product\/23863","targetHints":{"allow":["GET"]}}],"collection":[{"href":"https:\/\/linoexpress.com\/ro\/wp-json\/wp\/v2\/product"}],"about":[{"href":"https:\/\/linoexpress.com\/ro\/wp-json\/wp\/v2\/types\/product"}],"replies":[{"embeddable":true,"href":"https:\/\/linoexpress.com\/ro\/wp-json\/wp\/v2\/comments?post=23863"}],"wp:featuredmedia":[{"embeddable":true,"href":"https:\/\/linoexpress.com\/ro\/wp-json\/wp\/v2\/media\/23864"}],"wp:attachment":[{"href":"https:\/\/linoexpress.com\/ro\/wp-json\/wp\/v2\/media?parent=23863"}],"wp:term":[{"taxonomy":"product_brand","embeddable":true,"href":"https:\/\/linoexpress.com\/ro\/wp-json\/wp\/v2\/product_brand?post=23863"},{"taxonomy":"product_cat","embeddable":true,"href":"https:\/\/linoexpress.com\/ro\/wp-json\/wp\/v2\/product_cat?post=23863"},{"taxonomy":"product_tag","embeddable":true,"href":"https:\/\/linoexpress.com\/ro\/wp-json\/wp\/v2\/product_tag?post=23863"}],"curies":[{"name":"wp","href":"https:\/\/api.w.org\/{rel}","templated":true}]}}