{"id":23974,"date":"2025-11-12T12:34:12","date_gmt":"2025-11-12T11:34:12","guid":{"rendered":"https:\/\/linoexpress.com\/ro\/produs\/ulrep-product\/"},"modified":"2025-11-12T16:24:01","modified_gmt":"2025-11-12T15:24:01","slug":"protectie-cu-ultrasunete-impotriva-rozatoarelor","status":"publish","type":"product","link":"https:\/\/linoexpress.com\/ro\/produs\/protectie-cu-ultrasunete-impotriva-rozatoarelor\/","title":{"rendered":"Protec\u021bie cu ultrasunete \u00eempotriva roz\u0103toarelor"},"content":{"rendered":"","protected":false},"excerpt":{"rendered":"<p>Dispozitiv electronic care respinge \u0219oarecii \u0219i al\u021bi roz\u0103toare cu unde sonore de \u00eenalt\u0103 frecven\u021b\u0103.<br \/>\nEste imperceptibil pentru urechea uman\u0103, dar provoac\u0103 disconfort \u0219i repulsie roz\u0103toarelor.<br \/>\nEste u\u0219or de utilizat \u0219i sigur pentru oameni \u0219i animalele de companie.<\/p>\n","protected":false},"featured_media":23975,"comment_status":"closed","ping_status":"closed","template":"","meta":{"inline_featured_image":false},"product_brand":[],"product_cat":[27,15,35,26],"product_tag":[],"class_list":{"0":"post-23974","1":"product","2":"type-product","3":"status-publish","4":"has-post-thumbnail","6":"product_cat-home","7":"product_cat-uncategorized","8":"product_cat-fun","9":"product_cat-health","11":"first","12":"instock","13":"sale","14":"taxable","15":"shipping-taxable","16":"purchasable","17":"product-type-simple"},"acf":[],"_links":{"self":[{"href":"https:\/\/linoexpress.com\/ro\/wp-json\/wp\/v2\/product\/23974","targetHints":{"allow":["GET"]}}],"collection":[{"href":"https:\/\/linoexpress.com\/ro\/wp-json\/wp\/v2\/product"}],"about":[{"href":"https:\/\/linoexpress.com\/ro\/wp-json\/wp\/v2\/types\/product"}],"replies":[{"embeddable":true,"href":"https:\/\/linoexpress.com\/ro\/wp-json\/wp\/v2\/comments?post=23974"}],"wp:featuredmedia":[{"embeddable":true,"href":"https:\/\/linoexpress.com\/ro\/wp-json\/wp\/v2\/media\/23975"}],"wp:attachment":[{"href":"https:\/\/linoexpress.com\/ro\/wp-json\/wp\/v2\/media?parent=23974"}],"wp:term":[{"taxonomy":"product_brand","embeddable":true,"href":"https:\/\/linoexpress.com\/ro\/wp-json\/wp\/v2\/product_brand?post=23974"},{"taxonomy":"product_cat","embeddable":true,"href":"https:\/\/linoexpress.com\/ro\/wp-json\/wp\/v2\/product_cat?post=23974"},{"taxonomy":"product_tag","embeddable":true,"href":"https:\/\/linoexpress.com\/ro\/wp-json\/wp\/v2\/product_tag?post=23974"}],"curies":[{"name":"wp","href":"https:\/\/api.w.org\/{rel}","templated":true}]}}