{"id":24023,"date":"2025-11-13T17:04:07","date_gmt":"2025-11-13T16:04:07","guid":{"rendered":"https:\/\/linoexpress.com\/ro\/produs\/zp20-product\/"},"modified":"2025-11-13T23:31:41","modified_gmt":"2025-11-13T22:31:41","slug":"incarcator-de-perete-dublu-turbo-20w","status":"publish","type":"product","link":"https:\/\/linoexpress.com\/ro\/produs\/incarcator-de-perete-dublu-turbo-20w\/","title":{"rendered":"\u00cenc\u0103rc\u0103tor de perete dublu Turbo 20W"},"content":{"rendered":"","protected":false},"excerpt":{"rendered":"<p>\u00cenc\u0103rca\u021bi rapid toate dispozitivele dvs. cu Turbo \u00eenc\u0103rc\u0103tor dublu de perete 20W. Compact, fiabil \u0219i inteligent \u2013 acest \u00eenc\u0103rc\u0103tor folose\u0219te tehnologie avansat\u0103 pentru \u00eenc\u0103rcarea rapid\u0103 \u0219i sigur\u0103 a telefoanelor, tabletelor, consolelor \u0219i altor dispozitive. Cablu retractabil \u00eencorporat \u0219i protec\u021bia multistrat \u00eel fac practic pentru orice ocazie: acas\u0103, la serviciu sau \u00een c\u0103l\u0103torii.<\/p>\n","protected":false},"featured_media":24024,"comment_status":"closed","ping_status":"closed","template":"","meta":{"inline_featured_image":false},"product_brand":[],"product_cat":[27,15,35],"product_tag":[],"class_list":{"0":"post-24023","1":"product","2":"type-product","3":"status-publish","4":"has-post-thumbnail","6":"product_cat-home","7":"product_cat-uncategorized","8":"product_cat-fun","10":"first","11":"instock","12":"sale","13":"taxable","14":"shipping-taxable","15":"purchasable","16":"product-type-simple"},"acf":[],"_links":{"self":[{"href":"https:\/\/linoexpress.com\/ro\/wp-json\/wp\/v2\/product\/24023","targetHints":{"allow":["GET"]}}],"collection":[{"href":"https:\/\/linoexpress.com\/ro\/wp-json\/wp\/v2\/product"}],"about":[{"href":"https:\/\/linoexpress.com\/ro\/wp-json\/wp\/v2\/types\/product"}],"replies":[{"embeddable":true,"href":"https:\/\/linoexpress.com\/ro\/wp-json\/wp\/v2\/comments?post=24023"}],"wp:featuredmedia":[{"embeddable":true,"href":"https:\/\/linoexpress.com\/ro\/wp-json\/wp\/v2\/media\/24024"}],"wp:attachment":[{"href":"https:\/\/linoexpress.com\/ro\/wp-json\/wp\/v2\/media?parent=24023"}],"wp:term":[{"taxonomy":"product_brand","embeddable":true,"href":"https:\/\/linoexpress.com\/ro\/wp-json\/wp\/v2\/product_brand?post=24023"},{"taxonomy":"product_cat","embeddable":true,"href":"https:\/\/linoexpress.com\/ro\/wp-json\/wp\/v2\/product_cat?post=24023"},{"taxonomy":"product_tag","embeddable":true,"href":"https:\/\/linoexpress.com\/ro\/wp-json\/wp\/v2\/product_tag?post=24023"}],"curies":[{"name":"wp","href":"https:\/\/api.w.org\/{rel}","templated":true}]}}